{"id":81,"date":"2025-09-28T14:48:17","date_gmt":"2025-09-28T14:48:17","guid":{"rendered":"https:\/\/jsolucoes.com\/?post_type=product&#038;p=81"},"modified":"2025-11-29T11:41:05","modified_gmt":"2025-11-29T11:41:05","slug":"curso-de-ingles-para-viagem-600-palavras-essenciais","status":"publish","type":"product","link":"https:\/\/jsolucoes.com\/en\/product\/curso-de-ingles-para-viagem-600-palavras-essenciais\/","title":{"rendered":"Curso de Ingl\u00eas para Viagem \u2013 600 Palavras Essenciais"},"content":{"rendered":"<p>\ud83e\uddf3 Ingl\u00eas para Viagem \u2013 [600] Palavras Essenciais<\/p>\n<p>Aprenda ingl\u00eas de forma pr\u00e1tica e r\u00e1pida com aulas 100% em v\u00eddeo!<br \/>\nAs li\u00e7\u00f5es s\u00e3o conduzidas pela professora Fernanda, com exemplos reais de viagem, di\u00e1logos e repeti\u00e7\u00f5es naturais \u2014 o mesmo m\u00e9todo que os americanos usam para aprender.<\/p>\n<p>\u2705 Curso completo em v\u00eddeo (MP4)<br \/>\n\u2705 Acesso imediato ap\u00f3s a compra<br \/>\n\u2705 Ideal para quem vai viajar e quer se comunicar com confian\u00e7a<br \/>\n\u2705 Sem teoria, sem enrola\u00e7\u00e3o \u2014 apenas o que voc\u00ea realmente precisa<\/p>\n<p>\ud83c\udfaf Situa\u00e7\u00f5es reais: aeroporto, imigra\u00e7\u00e3o, hotel, restaurante, transporte, compras e muito mais.<\/p>\n","protected":false},"excerpt":{"rendered":"<p>Aprenda ingl\u00eas para viagem de forma r\u00e1pida e pr\u00e1tica!<br \/>\nCom apenas 600 palavras essenciais, voc\u00ea vai conseguir se comunicar em aeroportos, hot\u00e9is, restaurantes, transportes e muito mais.<br \/>\nCurso completo em v\u00eddeo, com situa\u00e7\u00f5es reais e linguagem simples para quem quer falar ingl\u00eas sem complica\u00e7\u00e3o e sem enrola\u00e7\u00e3o.<\/p>","protected":false},"featured_media":102,"comment_status":"open","ping_status":"closed","template":"","meta":{"site-sidebar-layout":"default","site-content-layout":"","ast-site-content-layout":"default","site-content-style":"default","site-sidebar-style":"default","ast-global-header-display":"","ast-banner-title-visibility":"","ast-main-header-display":"","ast-hfb-above-header-display":"","ast-hfb-below-header-display":"","ast-hfb-mobile-header-display":"","site-post-title":"","ast-breadcrumbs-content":"","ast-featured-img":"","footer-sml-layout":"","theme-transparent-header-meta":"default","adv-header-id-meta":"","stick-header-meta":"","header-above-stick-meta":"","header-main-stick-meta":"","header-below-stick-meta":"","astra-migrate-meta-layouts":"set","ast-page-background-enabled":"default","ast-page-background-meta":{"desktop":{"background-color":"var(--ast-global-color-5)","background-image":"","background-repeat":"repeat","background-position":"center center","background-size":"auto","background-attachment":"scroll","background-type":"","background-media":"","overlay-type":"","overlay-color":"","overlay-opacity":"","overlay-gradient":""},"tablet":{"background-color":"","background-image":"","background-repeat":"repeat","background-position":"center center","background-size":"auto","background-attachment":"scroll","background-type":"","background-media":"","overlay-type":"","overlay-color":"","overlay-opacity":"","overlay-gradient":""},"mobile":{"background-color":"","background-image":"","background-repeat":"repeat","background-position":"center center","background-size":"auto","background-attachment":"scroll","background-type":"","background-media":"","overlay-type":"","overlay-color":"","overlay-opacity":"","overlay-gradient":""}},"ast-content-background-meta":{"desktop":{"background-color":"var(--ast-global-color-4)","background-image":"","background-repeat":"repeat","background-position":"center center","background-size":"auto","background-attachment":"scroll","background-type":"","background-media":"","overlay-type":"","overlay-color":"","overlay-opacity":"","overlay-gradient":""},"tablet":{"background-color":"var(--ast-global-color-4)","background-image":"","background-repeat":"repeat","background-position":"center center","background-size":"auto","background-attachment":"scroll","background-type":"","background-media":"","overlay-type":"","overlay-color":"","overlay-opacity":"","overlay-gradient":""},"mobile":{"background-color":"var(--ast-global-color-4)","background-image":"","background-repeat":"repeat","background-position":"center center","background-size":"auto","background-attachment":"scroll","background-type":"","background-media":"","overlay-type":"","overlay-color":"","overlay-opacity":"","overlay-gradient":""}}},"product_brand":[],"product_cat":[26],"product_tag":[],"class_list":{"0":"post-81","1":"product","2":"type-product","3":"status-publish","4":"has-post-thumbnail","6":"product_cat-idiomas","7":"desktop-align-left","8":"tablet-align-left","9":"mobile-align-left","11":"first","12":"instock","13":"virtual","14":"purchasable","15":"product-type-simple"},"_links":{"self":[{"href":"https:\/\/jsolucoes.com\/en\/wp-json\/wp\/v2\/product\/81","targetHints":{"allow":["GET"]}}],"collection":[{"href":"https:\/\/jsolucoes.com\/en\/wp-json\/wp\/v2\/product"}],"about":[{"href":"https:\/\/jsolucoes.com\/en\/wp-json\/wp\/v2\/types\/product"}],"replies":[{"embeddable":true,"href":"https:\/\/jsolucoes.com\/en\/wp-json\/wp\/v2\/comments?post=81"}],"wp:featuredmedia":[{"embeddable":true,"href":"https:\/\/jsolucoes.com\/en\/wp-json\/wp\/v2\/media\/102"}],"wp:attachment":[{"href":"https:\/\/jsolucoes.com\/en\/wp-json\/wp\/v2\/media?parent=81"}],"wp:term":[{"taxonomy":"product_brand","embeddable":true,"href":"https:\/\/jsolucoes.com\/en\/wp-json\/wp\/v2\/product_brand?post=81"},{"taxonomy":"product_cat","embeddable":true,"href":"https:\/\/jsolucoes.com\/en\/wp-json\/wp\/v2\/product_cat?post=81"},{"taxonomy":"product_tag","embeddable":true,"href":"https:\/\/jsolucoes.com\/en\/wp-json\/wp\/v2\/product_tag?post=81"}],"curies":[{"name":"wp","href":"https:\/\/api.w.org\/{rel}","templated":true}]}}