{"id":314,"date":"2025-11-06T13:52:14","date_gmt":"2025-11-06T13:52:14","guid":{"rendered":"https:\/\/jsolucoes.com\/?post_type=product&#038;p=314"},"modified":"2025-12-11T13:19:29","modified_gmt":"2025-12-11T13:19:29","slug":"curso-de-especializacao-em-tiktok-marketing-e-crescimento-e-monetizacao","status":"publish","type":"product","link":"https:\/\/jsolucoes.com\/en\/product\/curso-de-especializacao-em-tiktok-marketing-e-crescimento-e-monetizacao\/","title":{"rendered":"Curso de Especializa\u00e7\u00e3o em TikTok \u2013 Marketing e Crescimento e monetiza\u00e7\u00e3o"},"content":{"rendered":"<p>Aprenda passo a passo como crescer no TikTok, criar v\u00eddeos que prendem aten\u00e7\u00e3o e transformar seguidores em clientes.<br \/>\nO curso foi criado para iniciantes e empreendedores que desejam usar o TikTok como canal de vendas, tr\u00e1fego e autoridade.<\/p>\n<p>Dentro do curso voc\u00ea vai aprender:<\/p>\n<p>\u2022 Como funciona o algoritmo do TikTok<br \/>\n\u2022 Erros que impedem seu crescimento<br \/>\n\u2022 Estrat\u00e9gias para viralizar v\u00eddeos usando m\u00e9todos testados<br \/>\n\u2022 Como criar conte\u00fados que atraem seguidores reais<br \/>\n\u2022 Edi\u00e7\u00e3o pr\u00e1tica e cria\u00e7\u00e3o de v\u00eddeos curtos que vendem<br \/>\n\u2022 Segredos para transformar visualiza\u00e7\u00f5es em vendas<br \/>\n\u2022 Como analisar resultados e melhorar sua performance<\/p>\n<p>Este \u00e9 o curso mais simples, direto e eficaz para quem quer crescer no TikTok mesmo come\u00e7ando do zero.<\/p>","protected":false},"excerpt":{"rendered":"<p>Domine o TikTok e aprenda a criar v\u00eddeos virais, atrair seguidores reais e transformar seu perfil em uma m\u00e1quina de vendas. Conte\u00fado simples, direto e f\u00e1cil de aplicar \u2014 perfeito para quem quer crescer r\u00e1pido.<\/p>","protected":false},"featured_media":315,"comment_status":"open","ping_status":"closed","template":"","meta":{"site-sidebar-layout":"default","site-content-layout":"","ast-site-content-layout":"default","site-content-style":"default","site-sidebar-style":"default","ast-global-header-display":"","ast-banner-title-visibility":"","ast-main-header-display":"","ast-hfb-above-header-display":"","ast-hfb-below-header-display":"","ast-hfb-mobile-header-display":"","site-post-title":"","ast-breadcrumbs-content":"","ast-featured-img":"","footer-sml-layout":"","theme-transparent-header-meta":"default","adv-header-id-meta":"","stick-header-meta":"","header-above-stick-meta":"","header-main-stick-meta":"","header-below-stick-meta":"","astra-migrate-meta-layouts":"set","ast-page-background-enabled":"default","ast-page-background-meta":{"desktop":{"background-color":"var(--ast-global-color-5)","background-image":"","background-repeat":"repeat","background-position":"center center","background-size":"auto","background-attachment":"scroll","background-type":"","background-media":"","overlay-type":"","overlay-color":"","overlay-opacity":"","overlay-gradient":""},"tablet":{"background-color":"","background-image":"","background-repeat":"repeat","background-position":"center center","background-size":"auto","background-attachment":"scroll","background-type":"","background-media":"","overlay-type":"","overlay-color":"","overlay-opacity":"","overlay-gradient":""},"mobile":{"background-color":"","background-image":"","background-repeat":"repeat","background-position":"center center","background-size":"auto","background-attachment":"scroll","background-type":"","background-media":"","overlay-type":"","overlay-color":"","overlay-opacity":"","overlay-gradient":""}},"ast-content-background-meta":{"desktop":{"background-color":"var(--ast-global-color-4)","background-image":"","background-repeat":"repeat","background-position":"center center","background-size":"auto","background-attachment":"scroll","background-type":"","background-media":"","overlay-type":"","overlay-color":"","overlay-opacity":"","overlay-gradient":""},"tablet":{"background-color":"var(--ast-global-color-4)","background-image":"","background-repeat":"repeat","background-position":"center center","background-size":"auto","background-attachment":"scroll","background-type":"","background-media":"","overlay-type":"","overlay-color":"","overlay-opacity":"","overlay-gradient":""},"mobile":{"background-color":"var(--ast-global-color-4)","background-image":"","background-repeat":"repeat","background-position":"center center","background-size":"auto","background-attachment":"scroll","background-type":"","background-media":"","overlay-type":"","overlay-color":"","overlay-opacity":"","overlay-gradient":""}}},"product_brand":[],"product_cat":[25],"product_tag":[],"class_list":{"0":"post-314","1":"product","2":"type-product","3":"status-publish","4":"has-post-thumbnail","6":"product_cat-redes-sociais","7":"desktop-align-left","8":"tablet-align-left","9":"mobile-align-left","11":"first","12":"instock","13":"virtual","14":"purchasable","15":"product-type-simple"},"_links":{"self":[{"href":"https:\/\/jsolucoes.com\/en\/wp-json\/wp\/v2\/product\/314","targetHints":{"allow":["GET"]}}],"collection":[{"href":"https:\/\/jsolucoes.com\/en\/wp-json\/wp\/v2\/product"}],"about":[{"href":"https:\/\/jsolucoes.com\/en\/wp-json\/wp\/v2\/types\/product"}],"replies":[{"embeddable":true,"href":"https:\/\/jsolucoes.com\/en\/wp-json\/wp\/v2\/comments?post=314"}],"wp:featuredmedia":[{"embeddable":true,"href":"https:\/\/jsolucoes.com\/en\/wp-json\/wp\/v2\/media\/315"}],"wp:attachment":[{"href":"https:\/\/jsolucoes.com\/en\/wp-json\/wp\/v2\/media?parent=314"}],"wp:term":[{"taxonomy":"product_brand","embeddable":true,"href":"https:\/\/jsolucoes.com\/en\/wp-json\/wp\/v2\/product_brand?post=314"},{"taxonomy":"product_cat","embeddable":true,"href":"https:\/\/jsolucoes.com\/en\/wp-json\/wp\/v2\/product_cat?post=314"},{"taxonomy":"product_tag","embeddable":true,"href":"https:\/\/jsolucoes.com\/en\/wp-json\/wp\/v2\/product_tag?post=314"}],"curies":[{"name":"wp","href":"https:\/\/api.w.org\/{rel}","templated":true}]}}