{"id":288,"date":"2025-10-29T13:49:55","date_gmt":"2025-10-29T13:49:55","guid":{"rendered":"https:\/\/jsolucoes.com\/?post_type=product&#038;p=288"},"modified":"2025-10-30T15:12:41","modified_gmt":"2025-10-30T15:12:41","slug":"acabe-com-as-pulgas-de-forma-natural-e-segura%f0%9f%90%b6","status":"publish","type":"product","link":"https:\/\/jsolucoes.com\/en\/product\/acabe-com-as-pulgas-de-forma-natural-e-segura%f0%9f%90%b6\/","title":{"rendered":"Acabe com as pulgas de forma natural e segura\ud83d\udc36"},"content":{"rendered":"<p>As pulgas causam coceira e desconforto em animais e pessoas, mas podem ser eliminadas facilmente com solu\u00e7\u00f5es naturais e eficazes.<\/p>\n<p>No mini eBook \u201cDicas Caseiras e Profissionais contra Pulgas\u201d, voc\u00ea vai aprender:<\/p>\n<p>\u2705 Solu\u00e7\u00f5es naturais.<br \/>\n\u2705 M\u00e9todos profissionais usados em pet shops e cl\u00ednicas.<br \/>\n\u2705 Receitas caseiras para tratar o ambiente e os animais.<br \/>\n\u2705 Cuidados de preven\u00e7\u00e3o para evitar que as pulgas retornem.<\/p>\n<p>Tudo reunido em um PDF ilustrado com cerca de 6 p\u00e1ginas, com imagens e explica\u00e7\u00f5es passo a passo.<\/p>\n<p>\ud83d\udca1 Produto digital \u2014 download imediato ap\u00f3s a compra.<\/p>\n<p>\ud83d\uded2 Baixe agora e mantenha seus pets e sua casa livres das pulgas!<\/p>","protected":false},"excerpt":{"rendered":"<p>Acabe com as pulgas de forma natural e segura!<br \/>\nDescubra receitas caseiras e m\u00e9todos profissionais para eliminar pulgas de animais e ambientes.<br \/>\n\ud83d\udc36 Dicas simples, econ\u00f4micas e eficazes para casas com pets.<\/p>","protected":false},"featured_media":290,"comment_status":"open","ping_status":"closed","template":"","meta":{"site-sidebar-layout":"default","site-content-layout":"","ast-site-content-layout":"default","site-content-style":"default","site-sidebar-style":"default","ast-global-header-display":"","ast-banner-title-visibility":"","ast-main-header-display":"","ast-hfb-above-header-display":"","ast-hfb-below-header-display":"","ast-hfb-mobile-header-display":"","site-post-title":"","ast-breadcrumbs-content":"","ast-featured-img":"","footer-sml-layout":"","theme-transparent-header-meta":"default","adv-header-id-meta":"","stick-header-meta":"","header-above-stick-meta":"","header-main-stick-meta":"","header-below-stick-meta":"","astra-migrate-meta-layouts":"set","ast-page-background-enabled":"default","ast-page-background-meta":{"desktop":{"background-color":"var(--ast-global-color-5)","background-image":"","background-repeat":"repeat","background-position":"center center","background-size":"auto","background-attachment":"scroll","background-type":"","background-media":"","overlay-type":"","overlay-color":"","overlay-opacity":"","overlay-gradient":""},"tablet":{"background-color":"","background-image":"","background-repeat":"repeat","background-position":"center center","background-size":"auto","background-attachment":"scroll","background-type":"","background-media":"","overlay-type":"","overlay-color":"","overlay-opacity":"","overlay-gradient":""},"mobile":{"background-color":"","background-image":"","background-repeat":"repeat","background-position":"center center","background-size":"auto","background-attachment":"scroll","background-type":"","background-media":"","overlay-type":"","overlay-color":"","overlay-opacity":"","overlay-gradient":""}},"ast-content-background-meta":{"desktop":{"background-color":"var(--ast-global-color-4)","background-image":"","background-repeat":"repeat","background-position":"center center","background-size":"auto","background-attachment":"scroll","background-type":"","background-media":"","overlay-type":"","overlay-color":"","overlay-opacity":"","overlay-gradient":""},"tablet":{"background-color":"var(--ast-global-color-4)","background-image":"","background-repeat":"repeat","background-position":"center center","background-size":"auto","background-attachment":"scroll","background-type":"","background-media":"","overlay-type":"","overlay-color":"","overlay-opacity":"","overlay-gradient":""},"mobile":{"background-color":"var(--ast-global-color-4)","background-image":"","background-repeat":"repeat","background-position":"center center","background-size":"auto","background-attachment":"scroll","background-type":"","background-media":"","overlay-type":"","overlay-color":"","overlay-opacity":"","overlay-gradient":""}}},"product_brand":[],"product_cat":[27],"product_tag":[],"class_list":{"0":"post-288","1":"product","2":"type-product","3":"status-publish","4":"has-post-thumbnail","6":"product_cat-mini-ebooks","7":"desktop-align-left","8":"tablet-align-left","9":"mobile-align-left","11":"first","12":"instock","13":"downloadable","14":"virtual","15":"purchasable","16":"product-type-simple"},"_links":{"self":[{"href":"https:\/\/jsolucoes.com\/en\/wp-json\/wp\/v2\/product\/288","targetHints":{"allow":["GET"]}}],"collection":[{"href":"https:\/\/jsolucoes.com\/en\/wp-json\/wp\/v2\/product"}],"about":[{"href":"https:\/\/jsolucoes.com\/en\/wp-json\/wp\/v2\/types\/product"}],"replies":[{"embeddable":true,"href":"https:\/\/jsolucoes.com\/en\/wp-json\/wp\/v2\/comments?post=288"}],"wp:featuredmedia":[{"embeddable":true,"href":"https:\/\/jsolucoes.com\/en\/wp-json\/wp\/v2\/media\/290"}],"wp:attachment":[{"href":"https:\/\/jsolucoes.com\/en\/wp-json\/wp\/v2\/media?parent=288"}],"wp:term":[{"taxonomy":"product_brand","embeddable":true,"href":"https:\/\/jsolucoes.com\/en\/wp-json\/wp\/v2\/product_brand?post=288"},{"taxonomy":"product_cat","embeddable":true,"href":"https:\/\/jsolucoes.com\/en\/wp-json\/wp\/v2\/product_cat?post=288"},{"taxonomy":"product_tag","embeddable":true,"href":"https:\/\/jsolucoes.com\/en\/wp-json\/wp\/v2\/product_tag?post=288"}],"curies":[{"name":"wp","href":"https:\/\/api.w.org\/{rel}","templated":true}]}}