{"id":285,"date":"2025-10-29T13:44:14","date_gmt":"2025-10-29T13:44:14","guid":{"rendered":"https:\/\/jsolucoes.com\/?post_type=product&#038;p=285"},"modified":"2025-10-30T15:13:03","modified_gmt":"2025-10-30T15:13:03","slug":"dicas-caseiras-e-profissionais-contra-formiga-cortadeira-%f0%9f%8d%83","status":"publish","type":"product","link":"https:\/\/jsolucoes.com\/en\/product\/dicas-caseiras-e-profissionais-contra-formiga-cortadeira-%f0%9f%8d%83\/","title":{"rendered":"Dicas Caseiras e Profissionais contra Formiga Cortadeira \ud83c\udf43"},"content":{"rendered":"<p>As formigas cortadeiras podem destruir plantas inteiras em poucas horas, mas existem formas naturais e eficientes de combat\u00ea-las.<\/p>\n<p>No mini eBook \u201cDicas Caseiras e Profissionais contra Formiga Cortadeira\u201d, voc\u00ea vai aprender:<\/p>\n<p>\u2705 Solu\u00e7\u00f5es naturais e ecol\u00f3gicas para eliminar formigueiros.<br \/>\n\u2705 Receitas caseiras com ingredientes simples e seguros.<br \/>\n\u2705 M\u00e9todos profissionais usados por agricultores e jardineiros.<br \/>\n\u2705 T\u00e9cnicas de preven\u00e7\u00e3o para evitar novos ataques \u00e0s plantas.<\/p>\n<p>Tudo reunido em um PDF ilustrado com cerca de 6 p\u00e1ginas, com imagens e explica\u00e7\u00f5es passo a passo.<\/p>\n<p>\ud83d\udca1 Produto digital \u2014 download imediato ap\u00f3s a compra.<\/p>\n<p>\ud83d\uded2 Baixe agora e proteja suas plantas das formigas cortadeiras!<\/p>","protected":false},"excerpt":{"rendered":"<p>Elimine as formigas cortadeiras e proteja suas plantas!<br \/>\nAprenda m\u00e9todos naturais e t\u00e9cnicas profissionais para acabar com as cortadeiras de forma definitiva.<br \/>\n\ud83c\udf3f Dicas seguras e eficazes para jardins, hortas e pomares.<\/p>","protected":false},"featured_media":287,"comment_status":"open","ping_status":"closed","template":"","meta":{"site-sidebar-layout":"default","site-content-layout":"","ast-site-content-layout":"default","site-content-style":"default","site-sidebar-style":"default","ast-global-header-display":"","ast-banner-title-visibility":"","ast-main-header-display":"","ast-hfb-above-header-display":"","ast-hfb-below-header-display":"","ast-hfb-mobile-header-display":"","site-post-title":"","ast-breadcrumbs-content":"","ast-featured-img":"","footer-sml-layout":"","theme-transparent-header-meta":"default","adv-header-id-meta":"","stick-header-meta":"","header-above-stick-meta":"","header-main-stick-meta":"","header-below-stick-meta":"","astra-migrate-meta-layouts":"set","ast-page-background-enabled":"default","ast-page-background-meta":{"desktop":{"background-color":"var(--ast-global-color-5)","background-image":"","background-repeat":"repeat","background-position":"center center","background-size":"auto","background-attachment":"scroll","background-type":"","background-media":"","overlay-type":"","overlay-color":"","overlay-opacity":"","overlay-gradient":""},"tablet":{"background-color":"","background-image":"","background-repeat":"repeat","background-position":"center center","background-size":"auto","background-attachment":"scroll","background-type":"","background-media":"","overlay-type":"","overlay-color":"","overlay-opacity":"","overlay-gradient":""},"mobile":{"background-color":"","background-image":"","background-repeat":"repeat","background-position":"center center","background-size":"auto","background-attachment":"scroll","background-type":"","background-media":"","overlay-type":"","overlay-color":"","overlay-opacity":"","overlay-gradient":""}},"ast-content-background-meta":{"desktop":{"background-color":"var(--ast-global-color-4)","background-image":"","background-repeat":"repeat","background-position":"center center","background-size":"auto","background-attachment":"scroll","background-type":"","background-media":"","overlay-type":"","overlay-color":"","overlay-opacity":"","overlay-gradient":""},"tablet":{"background-color":"var(--ast-global-color-4)","background-image":"","background-repeat":"repeat","background-position":"center center","background-size":"auto","background-attachment":"scroll","background-type":"","background-media":"","overlay-type":"","overlay-color":"","overlay-opacity":"","overlay-gradient":""},"mobile":{"background-color":"var(--ast-global-color-4)","background-image":"","background-repeat":"repeat","background-position":"center center","background-size":"auto","background-attachment":"scroll","background-type":"","background-media":"","overlay-type":"","overlay-color":"","overlay-opacity":"","overlay-gradient":""}}},"product_brand":[],"product_cat":[27],"product_tag":[],"class_list":{"0":"post-285","1":"product","2":"type-product","3":"status-publish","4":"has-post-thumbnail","6":"product_cat-mini-ebooks","7":"desktop-align-left","8":"tablet-align-left","9":"mobile-align-left","11":"first","12":"instock","13":"downloadable","14":"virtual","15":"purchasable","16":"product-type-simple"},"_links":{"self":[{"href":"https:\/\/jsolucoes.com\/en\/wp-json\/wp\/v2\/product\/285","targetHints":{"allow":["GET"]}}],"collection":[{"href":"https:\/\/jsolucoes.com\/en\/wp-json\/wp\/v2\/product"}],"about":[{"href":"https:\/\/jsolucoes.com\/en\/wp-json\/wp\/v2\/types\/product"}],"replies":[{"embeddable":true,"href":"https:\/\/jsolucoes.com\/en\/wp-json\/wp\/v2\/comments?post=285"}],"wp:featuredmedia":[{"embeddable":true,"href":"https:\/\/jsolucoes.com\/en\/wp-json\/wp\/v2\/media\/287"}],"wp:attachment":[{"href":"https:\/\/jsolucoes.com\/en\/wp-json\/wp\/v2\/media?parent=285"}],"wp:term":[{"taxonomy":"product_brand","embeddable":true,"href":"https:\/\/jsolucoes.com\/en\/wp-json\/wp\/v2\/product_brand?post=285"},{"taxonomy":"product_cat","embeddable":true,"href":"https:\/\/jsolucoes.com\/en\/wp-json\/wp\/v2\/product_cat?post=285"},{"taxonomy":"product_tag","embeddable":true,"href":"https:\/\/jsolucoes.com\/en\/wp-json\/wp\/v2\/product_tag?post=285"}],"curies":[{"name":"wp","href":"https:\/\/api.w.org\/{rel}","templated":true}]}}