{"id":279,"date":"2025-10-29T13:25:19","date_gmt":"2025-10-29T13:25:19","guid":{"rendered":"https:\/\/jsolucoes.com\/?post_type=product&#038;p=279"},"modified":"2025-10-30T15:14:56","modified_gmt":"2025-10-30T15:14:56","slug":"dicas-caseiras-e-profissionais-contra-escorpiao-%f0%9f%a6%82","status":"publish","type":"product","link":"https:\/\/jsolucoes.com\/en\/product\/dicas-caseiras-e-profissionais-contra-escorpiao-%f0%9f%a6%82\/","title":{"rendered":"Dicas Caseiras e Profissionais contra Escorpi\u00e3o \ud83e\udd82"},"content":{"rendered":"<p>Os escorpi\u00f5es podem representar um grande risco \u00e0 sa\u00fade, mas \u00e9 poss\u00edvel manter sua casa segura com medidas simples, naturais e eficazes.<\/p>\n<p>No mini eBook \u201cDicas Caseiras e Profissionais contra Escorpi\u00e3o\u201d, voc\u00ea vai aprender:<\/p>\n<p>\u2705 M\u00e9todos naturais para afastar escorpi\u00f5es com ingredientes simples.<br \/>\n\u2705 Receitas caseiras de repelentes e barreiras de prote\u00e7\u00e3o.<br \/>\n\u2705 T\u00e9cnicas profissionais usadas em dedetiza\u00e7\u00f5es.<br \/>\n\u2705 Cuidados e preven\u00e7\u00e3o para evitar novos aparecimentos.<\/p>\n<p>Tudo explicado em um PDF ilustrado com cerca de 6 p\u00e1ginas, com imagens e orienta\u00e7\u00f5es pr\u00e1ticas.<\/p>\n<p>\ud83d\udca1 Produto digital \u2014 acesso imediato ap\u00f3s a compra.<\/p>\n<p>\ud83d\uded2 Baixe agora e mantenha sua casa livre dos escorpi\u00f5es!<\/p>","protected":false},"excerpt":{"rendered":"<p>Proteja sua casa e seu quintal contra escorpi\u00f5es!<br \/>\nAprenda solu\u00e7\u00f5es caseiras, repelentes naturais e m\u00e9todos profissionais para afastar e eliminar escorpi\u00f5es com seguran\u00e7a.<br \/>\n\ud83e\udd82 Dicas eficazes e seguras para fam\u00edlias e animais de estima\u00e7\u00e3o.<\/p>","protected":false},"featured_media":281,"comment_status":"open","ping_status":"closed","template":"","meta":{"site-sidebar-layout":"default","site-content-layout":"","ast-site-content-layout":"default","site-content-style":"default","site-sidebar-style":"default","ast-global-header-display":"","ast-banner-title-visibility":"","ast-main-header-display":"","ast-hfb-above-header-display":"","ast-hfb-below-header-display":"","ast-hfb-mobile-header-display":"","site-post-title":"","ast-breadcrumbs-content":"","ast-featured-img":"","footer-sml-layout":"","theme-transparent-header-meta":"default","adv-header-id-meta":"","stick-header-meta":"","header-above-stick-meta":"","header-main-stick-meta":"","header-below-stick-meta":"","astra-migrate-meta-layouts":"set","ast-page-background-enabled":"default","ast-page-background-meta":{"desktop":{"background-color":"var(--ast-global-color-5)","background-image":"","background-repeat":"repeat","background-position":"center center","background-size":"auto","background-attachment":"scroll","background-type":"","background-media":"","overlay-type":"","overlay-color":"","overlay-opacity":"","overlay-gradient":""},"tablet":{"background-color":"","background-image":"","background-repeat":"repeat","background-position":"center center","background-size":"auto","background-attachment":"scroll","background-type":"","background-media":"","overlay-type":"","overlay-color":"","overlay-opacity":"","overlay-gradient":""},"mobile":{"background-color":"","background-image":"","background-repeat":"repeat","background-position":"center center","background-size":"auto","background-attachment":"scroll","background-type":"","background-media":"","overlay-type":"","overlay-color":"","overlay-opacity":"","overlay-gradient":""}},"ast-content-background-meta":{"desktop":{"background-color":"var(--ast-global-color-4)","background-image":"","background-repeat":"repeat","background-position":"center center","background-size":"auto","background-attachment":"scroll","background-type":"","background-media":"","overlay-type":"","overlay-color":"","overlay-opacity":"","overlay-gradient":""},"tablet":{"background-color":"var(--ast-global-color-4)","background-image":"","background-repeat":"repeat","background-position":"center center","background-size":"auto","background-attachment":"scroll","background-type":"","background-media":"","overlay-type":"","overlay-color":"","overlay-opacity":"","overlay-gradient":""},"mobile":{"background-color":"var(--ast-global-color-4)","background-image":"","background-repeat":"repeat","background-position":"center center","background-size":"auto","background-attachment":"scroll","background-type":"","background-media":"","overlay-type":"","overlay-color":"","overlay-opacity":"","overlay-gradient":""}}},"product_brand":[],"product_cat":[27],"product_tag":[],"class_list":{"0":"post-279","1":"product","2":"type-product","3":"status-publish","4":"has-post-thumbnail","6":"product_cat-mini-ebooks","7":"desktop-align-left","8":"tablet-align-left","9":"mobile-align-left","11":"first","12":"instock","13":"downloadable","14":"virtual","15":"purchasable","16":"product-type-simple"},"_links":{"self":[{"href":"https:\/\/jsolucoes.com\/en\/wp-json\/wp\/v2\/product\/279","targetHints":{"allow":["GET"]}}],"collection":[{"href":"https:\/\/jsolucoes.com\/en\/wp-json\/wp\/v2\/product"}],"about":[{"href":"https:\/\/jsolucoes.com\/en\/wp-json\/wp\/v2\/types\/product"}],"replies":[{"embeddable":true,"href":"https:\/\/jsolucoes.com\/en\/wp-json\/wp\/v2\/comments?post=279"}],"wp:featuredmedia":[{"embeddable":true,"href":"https:\/\/jsolucoes.com\/en\/wp-json\/wp\/v2\/media\/281"}],"wp:attachment":[{"href":"https:\/\/jsolucoes.com\/en\/wp-json\/wp\/v2\/media?parent=279"}],"wp:term":[{"taxonomy":"product_brand","embeddable":true,"href":"https:\/\/jsolucoes.com\/en\/wp-json\/wp\/v2\/product_brand?post=279"},{"taxonomy":"product_cat","embeddable":true,"href":"https:\/\/jsolucoes.com\/en\/wp-json\/wp\/v2\/product_cat?post=279"},{"taxonomy":"product_tag","embeddable":true,"href":"https:\/\/jsolucoes.com\/en\/wp-json\/wp\/v2\/product_tag?post=279"}],"curies":[{"name":"wp","href":"https:\/\/api.w.org\/{rel}","templated":true}]}}