{"id":271,"date":"2025-10-29T12:30:07","date_gmt":"2025-10-29T12:30:07","guid":{"rendered":"https:\/\/jsolucoes.com\/?post_type=product&#038;p=271"},"modified":"2025-10-30T15:15:20","modified_gmt":"2025-10-30T15:15:20","slug":"dicas-caseiras-e-profissionais-contra-piolhos-%f0%9f%a7%92","status":"publish","type":"product","link":"https:\/\/jsolucoes.com\/en\/product\/dicas-caseiras-e-profissionais-contra-piolhos-%f0%9f%a7%92\/","title":{"rendered":"Dicas Caseiras e Profissionais contra Piolhos \ud83e\uddd2"},"content":{"rendered":"<p>Os piolhos s\u00e3o um problema comum, principalmente em crian\u00e7as, mas podem ser eliminados de forma natural e sem produtos agressivos.<\/p>\n<p>No mini eBook \u201cDicas Caseiras e Profissionais contra Piolhos\u201d, voc\u00ea vai aprender:<\/p>\n<p>\u2705 Solu\u00e7\u00f5es naturais e seguras, ideais para uso infantil.<br \/>\n\u2705 Receitas caseiras com vinagre, \u00f3leo de coco, e ess\u00eancias repelentes.<br \/>\n\u2705 M\u00e9todos profissionais usados por cabeleireiros e cl\u00ednicas especializadas.<br \/>\n\u2705 T\u00e9cnicas preventivas para evitar a reinfesta\u00e7\u00e3o.<\/p>\n<p>Tudo isso em um PDF ilustrado com cerca de 6 p\u00e1ginas, com imagens, passo a passo e resultados comprovados.<\/p>\n<p>\ud83d\udca1 Produto digital \u2014 download imediato ap\u00f3s a compra.<\/p>\n<p>\ud83d\uded2 Baixe agora e elimine os piolhos de forma natural e eficaz!<\/p>","protected":false},"excerpt":{"rendered":"<p>Diga adeus aos piolhos com solu\u00e7\u00f5es seguras e eficazes!<br \/>\nDescubra receitas caseiras, produtos naturais e m\u00e9todos profissionais para eliminar piolhos e l\u00eandeas de forma r\u00e1pida.<br \/>\n\ud83d\udc86\u200d\u2640\ufe0f Dicas simples, acess\u00edveis e sem riscos para crian\u00e7as.<\/p>","protected":false},"featured_media":273,"comment_status":"open","ping_status":"closed","template":"","meta":{"site-sidebar-layout":"default","site-content-layout":"","ast-site-content-layout":"default","site-content-style":"default","site-sidebar-style":"default","ast-global-header-display":"","ast-banner-title-visibility":"","ast-main-header-display":"","ast-hfb-above-header-display":"","ast-hfb-below-header-display":"","ast-hfb-mobile-header-display":"","site-post-title":"","ast-breadcrumbs-content":"","ast-featured-img":"","footer-sml-layout":"","theme-transparent-header-meta":"default","adv-header-id-meta":"","stick-header-meta":"","header-above-stick-meta":"","header-main-stick-meta":"","header-below-stick-meta":"","astra-migrate-meta-layouts":"set","ast-page-background-enabled":"default","ast-page-background-meta":{"desktop":{"background-color":"var(--ast-global-color-5)","background-image":"","background-repeat":"repeat","background-position":"center center","background-size":"auto","background-attachment":"scroll","background-type":"","background-media":"","overlay-type":"","overlay-color":"","overlay-opacity":"","overlay-gradient":""},"tablet":{"background-color":"","background-image":"","background-repeat":"repeat","background-position":"center center","background-size":"auto","background-attachment":"scroll","background-type":"","background-media":"","overlay-type":"","overlay-color":"","overlay-opacity":"","overlay-gradient":""},"mobile":{"background-color":"","background-image":"","background-repeat":"repeat","background-position":"center center","background-size":"auto","background-attachment":"scroll","background-type":"","background-media":"","overlay-type":"","overlay-color":"","overlay-opacity":"","overlay-gradient":""}},"ast-content-background-meta":{"desktop":{"background-color":"var(--ast-global-color-4)","background-image":"","background-repeat":"repeat","background-position":"center center","background-size":"auto","background-attachment":"scroll","background-type":"","background-media":"","overlay-type":"","overlay-color":"","overlay-opacity":"","overlay-gradient":""},"tablet":{"background-color":"var(--ast-global-color-4)","background-image":"","background-repeat":"repeat","background-position":"center center","background-size":"auto","background-attachment":"scroll","background-type":"","background-media":"","overlay-type":"","overlay-color":"","overlay-opacity":"","overlay-gradient":""},"mobile":{"background-color":"var(--ast-global-color-4)","background-image":"","background-repeat":"repeat","background-position":"center center","background-size":"auto","background-attachment":"scroll","background-type":"","background-media":"","overlay-type":"","overlay-color":"","overlay-opacity":"","overlay-gradient":""}}},"product_brand":[],"product_cat":[27],"product_tag":[],"class_list":{"0":"post-271","1":"product","2":"type-product","3":"status-publish","4":"has-post-thumbnail","6":"product_cat-mini-ebooks","7":"desktop-align-left","8":"tablet-align-left","9":"mobile-align-left","11":"first","12":"instock","13":"downloadable","14":"virtual","15":"purchasable","16":"product-type-simple"},"_links":{"self":[{"href":"https:\/\/jsolucoes.com\/en\/wp-json\/wp\/v2\/product\/271","targetHints":{"allow":["GET"]}}],"collection":[{"href":"https:\/\/jsolucoes.com\/en\/wp-json\/wp\/v2\/product"}],"about":[{"href":"https:\/\/jsolucoes.com\/en\/wp-json\/wp\/v2\/types\/product"}],"replies":[{"embeddable":true,"href":"https:\/\/jsolucoes.com\/en\/wp-json\/wp\/v2\/comments?post=271"}],"wp:featuredmedia":[{"embeddable":true,"href":"https:\/\/jsolucoes.com\/en\/wp-json\/wp\/v2\/media\/273"}],"wp:attachment":[{"href":"https:\/\/jsolucoes.com\/en\/wp-json\/wp\/v2\/media?parent=271"}],"wp:term":[{"taxonomy":"product_brand","embeddable":true,"href":"https:\/\/jsolucoes.com\/en\/wp-json\/wp\/v2\/product_brand?post=271"},{"taxonomy":"product_cat","embeddable":true,"href":"https:\/\/jsolucoes.com\/en\/wp-json\/wp\/v2\/product_cat?post=271"},{"taxonomy":"product_tag","embeddable":true,"href":"https:\/\/jsolucoes.com\/en\/wp-json\/wp\/v2\/product_tag?post=271"}],"curies":[{"name":"wp","href":"https:\/\/api.w.org\/{rel}","templated":true}]}}