{"id":268,"date":"2025-10-29T12:21:04","date_gmt":"2025-10-29T12:21:04","guid":{"rendered":"https:\/\/jsolucoes.com\/?post_type=product&#038;p=268"},"modified":"2025-10-30T15:15:53","modified_gmt":"2025-10-30T15:15:53","slug":"dicas-caseiras-e-profissionais-contra-caramujos-%f0%9f%90%8c","status":"publish","type":"product","link":"https:\/\/jsolucoes.com\/en\/product\/dicas-caseiras-e-profissionais-contra-caramujos-%f0%9f%90%8c\/","title":{"rendered":"Dicas Caseiras e Profissionais contra Caramujos \ud83d\udc0c"},"content":{"rendered":"<p>Os caramujos e lesmas podem destruir plantas e causar sujeira no jardim, mas com as estrat\u00e9gias certas \u00e9 poss\u00edvel elimin\u00e1-los naturalmente e sem produtos t\u00f3xicos.<\/p>\n<p>No mini eBook \u201cDicas Caseiras e Profissionais contra Caramujos\u201d, voc\u00ea vai aprender:<\/p>\n<p>\u2705 Solu\u00e7\u00f5es naturais e seguras,para pets e crian\u00e7as<br \/>\n\u2705 M\u00e9todos profissionais e econ\u00f4micos para controle total.<br \/>\n\u2705 Receitas de repelentes e armadilhas que realmente funcionam.<br \/>\n\u2705 T\u00e9cnicas de preven\u00e7\u00e3o para manter o jardim livre dessas pragas.<\/p>\n<p>Tudo isso em um PDF ilustrado com cerca de 6 p\u00e1ginas, com imagens e explica\u00e7\u00f5es passo a passo.<\/p>\n<p>\ud83d\udca1 Produto digital \u2014 acesso imediato ap\u00f3s a compra.<\/p>\n<p>\ud83d\uded2 Baixe agora e mantenha seu jardim bonito e livre dos caramujos!<\/p>","protected":false},"excerpt":{"rendered":"<p>Acabe com os caramujos e lesmas de forma simples e natural!<br \/>\nDescubra solu\u00e7\u00f5es caseiras, repelentes eficazes e m\u00e9todos profissionais para proteger seu jardim e sua casa.<br \/>\n\ud83c\udf3f Dicas pr\u00e1ticas, seguras e econ\u00f4micas com resultados r\u00e1pidos.<\/p>","protected":false},"featured_media":270,"comment_status":"open","ping_status":"closed","template":"","meta":{"site-sidebar-layout":"default","site-content-layout":"","ast-site-content-layout":"default","site-content-style":"default","site-sidebar-style":"default","ast-global-header-display":"","ast-banner-title-visibility":"","ast-main-header-display":"","ast-hfb-above-header-display":"","ast-hfb-below-header-display":"","ast-hfb-mobile-header-display":"","site-post-title":"","ast-breadcrumbs-content":"","ast-featured-img":"","footer-sml-layout":"","theme-transparent-header-meta":"default","adv-header-id-meta":"","stick-header-meta":"","header-above-stick-meta":"","header-main-stick-meta":"","header-below-stick-meta":"","astra-migrate-meta-layouts":"set","ast-page-background-enabled":"default","ast-page-background-meta":{"desktop":{"background-color":"var(--ast-global-color-5)","background-image":"","background-repeat":"repeat","background-position":"center center","background-size":"auto","background-attachment":"scroll","background-type":"","background-media":"","overlay-type":"","overlay-color":"","overlay-opacity":"","overlay-gradient":""},"tablet":{"background-color":"","background-image":"","background-repeat":"repeat","background-position":"center center","background-size":"auto","background-attachment":"scroll","background-type":"","background-media":"","overlay-type":"","overlay-color":"","overlay-opacity":"","overlay-gradient":""},"mobile":{"background-color":"","background-image":"","background-repeat":"repeat","background-position":"center center","background-size":"auto","background-attachment":"scroll","background-type":"","background-media":"","overlay-type":"","overlay-color":"","overlay-opacity":"","overlay-gradient":""}},"ast-content-background-meta":{"desktop":{"background-color":"var(--ast-global-color-4)","background-image":"","background-repeat":"repeat","background-position":"center center","background-size":"auto","background-attachment":"scroll","background-type":"","background-media":"","overlay-type":"","overlay-color":"","overlay-opacity":"","overlay-gradient":""},"tablet":{"background-color":"var(--ast-global-color-4)","background-image":"","background-repeat":"repeat","background-position":"center center","background-size":"auto","background-attachment":"scroll","background-type":"","background-media":"","overlay-type":"","overlay-color":"","overlay-opacity":"","overlay-gradient":""},"mobile":{"background-color":"var(--ast-global-color-4)","background-image":"","background-repeat":"repeat","background-position":"center center","background-size":"auto","background-attachment":"scroll","background-type":"","background-media":"","overlay-type":"","overlay-color":"","overlay-opacity":"","overlay-gradient":""}}},"product_brand":[],"product_cat":[27],"product_tag":[],"class_list":{"0":"post-268","1":"product","2":"type-product","3":"status-publish","4":"has-post-thumbnail","6":"product_cat-mini-ebooks","7":"desktop-align-left","8":"tablet-align-left","9":"mobile-align-left","11":"first","12":"instock","13":"downloadable","14":"virtual","15":"purchasable","16":"product-type-simple"},"_links":{"self":[{"href":"https:\/\/jsolucoes.com\/en\/wp-json\/wp\/v2\/product\/268","targetHints":{"allow":["GET"]}}],"collection":[{"href":"https:\/\/jsolucoes.com\/en\/wp-json\/wp\/v2\/product"}],"about":[{"href":"https:\/\/jsolucoes.com\/en\/wp-json\/wp\/v2\/types\/product"}],"replies":[{"embeddable":true,"href":"https:\/\/jsolucoes.com\/en\/wp-json\/wp\/v2\/comments?post=268"}],"wp:featuredmedia":[{"embeddable":true,"href":"https:\/\/jsolucoes.com\/en\/wp-json\/wp\/v2\/media\/270"}],"wp:attachment":[{"href":"https:\/\/jsolucoes.com\/en\/wp-json\/wp\/v2\/media?parent=268"}],"wp:term":[{"taxonomy":"product_brand","embeddable":true,"href":"https:\/\/jsolucoes.com\/en\/wp-json\/wp\/v2\/product_brand?post=268"},{"taxonomy":"product_cat","embeddable":true,"href":"https:\/\/jsolucoes.com\/en\/wp-json\/wp\/v2\/product_cat?post=268"},{"taxonomy":"product_tag","embeddable":true,"href":"https:\/\/jsolucoes.com\/en\/wp-json\/wp\/v2\/product_tag?post=268"}],"curies":[{"name":"wp","href":"https:\/\/api.w.org\/{rel}","templated":true}]}}