{"id":265,"date":"2025-10-29T12:10:15","date_gmt":"2025-10-29T12:10:15","guid":{"rendered":"https:\/\/jsolucoes.com\/?post_type=product&#038;p=265"},"modified":"2025-10-30T15:16:18","modified_gmt":"2025-10-30T15:16:18","slug":"dicas-caseiras-e-profissionais-contra-cupins-%f0%9f%90%9b","status":"publish","type":"product","link":"https:\/\/jsolucoes.com\/en\/product\/dicas-caseiras-e-profissionais-contra-cupins-%f0%9f%90%9b\/","title":{"rendered":"Dicas Caseiras e Profissionais contra Cupins \ud83d\udc1b"},"content":{"rendered":"<p>Os cupins podem causar grandes danos a m\u00f3veis e estruturas, mas com as estrat\u00e9gias certas \u00e9 poss\u00edvel acabar com eles rapidamente e sem gastar muito.<\/p>\n<p>No mini eBook \u201cDicas Caseiras e Profissionais contra Cupins\u201d, voc\u00ea vai aprender:<\/p>\n<p>\u2705 Receitas caseiras<br \/>\n\u2705 M\u00e9todos profissionais para eliminar col\u00f4nias e proteger a madeira.<br \/>\n\u2705 T\u00e9cnicas preventivas para evitar que os cupins retornem.<br \/>\n\u2705 Dicas de conserva\u00e7\u00e3o para m\u00f3veis e arm\u00e1rios.<\/p>\n<p>Tudo em um PDF ilustrado com cerca de 6 p\u00e1ginas, com imagens e explica\u00e7\u00f5es diretas.<\/p>\n<p>\ud83d\udca1 Produto digital (download imediato ap\u00f3s a compra).<\/p>\n<p>\ud83d\uded2 Baixe agora e mantenha sua casa protegida contra os cupins!<\/p>","protected":false},"excerpt":{"rendered":"<p>Livre-se dos cupins de forma natural e eficaz!<br \/>\nAprenda receitas caseiras e m\u00e9todos profissionais para eliminar e prevenir infesta\u00e7\u00f5es de madeira e m\u00f3veis.<br \/>\n\ud83e\udeb5 Dicas simples, econ\u00f4micas e seguras para proteger sua casa.<\/p>","protected":false},"featured_media":267,"comment_status":"open","ping_status":"closed","template":"","meta":{"site-sidebar-layout":"default","site-content-layout":"","ast-site-content-layout":"default","site-content-style":"default","site-sidebar-style":"default","ast-global-header-display":"","ast-banner-title-visibility":"","ast-main-header-display":"","ast-hfb-above-header-display":"","ast-hfb-below-header-display":"","ast-hfb-mobile-header-display":"","site-post-title":"","ast-breadcrumbs-content":"","ast-featured-img":"","footer-sml-layout":"","theme-transparent-header-meta":"default","adv-header-id-meta":"","stick-header-meta":"","header-above-stick-meta":"","header-main-stick-meta":"","header-below-stick-meta":"","astra-migrate-meta-layouts":"set","ast-page-background-enabled":"default","ast-page-background-meta":{"desktop":{"background-color":"var(--ast-global-color-5)","background-image":"","background-repeat":"repeat","background-position":"center center","background-size":"auto","background-attachment":"scroll","background-type":"","background-media":"","overlay-type":"","overlay-color":"","overlay-opacity":"","overlay-gradient":""},"tablet":{"background-color":"","background-image":"","background-repeat":"repeat","background-position":"center center","background-size":"auto","background-attachment":"scroll","background-type":"","background-media":"","overlay-type":"","overlay-color":"","overlay-opacity":"","overlay-gradient":""},"mobile":{"background-color":"","background-image":"","background-repeat":"repeat","background-position":"center center","background-size":"auto","background-attachment":"scroll","background-type":"","background-media":"","overlay-type":"","overlay-color":"","overlay-opacity":"","overlay-gradient":""}},"ast-content-background-meta":{"desktop":{"background-color":"var(--ast-global-color-4)","background-image":"","background-repeat":"repeat","background-position":"center center","background-size":"auto","background-attachment":"scroll","background-type":"","background-media":"","overlay-type":"","overlay-color":"","overlay-opacity":"","overlay-gradient":""},"tablet":{"background-color":"var(--ast-global-color-4)","background-image":"","background-repeat":"repeat","background-position":"center center","background-size":"auto","background-attachment":"scroll","background-type":"","background-media":"","overlay-type":"","overlay-color":"","overlay-opacity":"","overlay-gradient":""},"mobile":{"background-color":"var(--ast-global-color-4)","background-image":"","background-repeat":"repeat","background-position":"center center","background-size":"auto","background-attachment":"scroll","background-type":"","background-media":"","overlay-type":"","overlay-color":"","overlay-opacity":"","overlay-gradient":""}}},"product_brand":[],"product_cat":[27],"product_tag":[],"class_list":{"0":"post-265","1":"product","2":"type-product","3":"status-publish","4":"has-post-thumbnail","6":"product_cat-mini-ebooks","7":"desktop-align-left","8":"tablet-align-left","9":"mobile-align-left","11":"first","12":"instock","13":"downloadable","14":"virtual","15":"purchasable","16":"product-type-simple"},"_links":{"self":[{"href":"https:\/\/jsolucoes.com\/en\/wp-json\/wp\/v2\/product\/265","targetHints":{"allow":["GET"]}}],"collection":[{"href":"https:\/\/jsolucoes.com\/en\/wp-json\/wp\/v2\/product"}],"about":[{"href":"https:\/\/jsolucoes.com\/en\/wp-json\/wp\/v2\/types\/product"}],"replies":[{"embeddable":true,"href":"https:\/\/jsolucoes.com\/en\/wp-json\/wp\/v2\/comments?post=265"}],"wp:featuredmedia":[{"embeddable":true,"href":"https:\/\/jsolucoes.com\/en\/wp-json\/wp\/v2\/media\/267"}],"wp:attachment":[{"href":"https:\/\/jsolucoes.com\/en\/wp-json\/wp\/v2\/media?parent=265"}],"wp:term":[{"taxonomy":"product_brand","embeddable":true,"href":"https:\/\/jsolucoes.com\/en\/wp-json\/wp\/v2\/product_brand?post=265"},{"taxonomy":"product_cat","embeddable":true,"href":"https:\/\/jsolucoes.com\/en\/wp-json\/wp\/v2\/product_cat?post=265"},{"taxonomy":"product_tag","embeddable":true,"href":"https:\/\/jsolucoes.com\/en\/wp-json\/wp\/v2\/product_tag?post=265"}],"curies":[{"name":"wp","href":"https:\/\/api.w.org\/{rel}","templated":true}]}}