{"id":262,"date":"2025-10-29T11:59:25","date_gmt":"2025-10-29T11:59:25","guid":{"rendered":"https:\/\/jsolucoes.com\/?post_type=product&#038;p=262"},"modified":"2025-10-30T15:16:44","modified_gmt":"2025-10-30T15:16:44","slug":"dicas-caseiras-e-profissionais-contra-moscas","status":"publish","type":"product","link":"https:\/\/jsolucoes.com\/en\/product\/dicas-caseiras-e-profissionais-contra-moscas\/","title":{"rendered":"Dicas Caseiras e Profissionais contra Moscas"},"content":{"rendered":"<p>As moscas s\u00e3o inc\u00f4modas e podem transmitir doen\u00e7as \u2014 mas voc\u00ea pode elimin\u00e1-las de maneira simples, natural e eficaz.<\/p>\n<p>No mini eBook \u201cDicas Caseiras e Profissionais contra Moscas\u201d, voc\u00ea aprender\u00e1:<\/p>\n<p>\u2705 Solu\u00e7\u00f5es naturais e seguras com ingredientes comuns.<br \/>\n\u2705 Receitas passo a passo de armadilhas e repelentes caseiros.<br \/>\n\u2705 M\u00e9todos profissionais acess\u00edveis e eficientes.<br \/>\n\u2705 Dicas de preven\u00e7\u00e3o para manter sua casa livre de moscas.<\/p>\n<p>Tudo em um PDF visual com cerca de 6 p\u00e1ginas, repleto de imagens e explica\u00e7\u00f5es claras.<\/p>\n<p>\ud83d\udca1 Produto digital \u2014 acesso imediato ap\u00f3s a compra.<\/p>\n<p>\ud83d\uded2 Baixe agora e descubra as melhores formas de eliminar moscas com seguran\u00e7a e economia!<\/p>","protected":false},"excerpt":{"rendered":"<p>Acabe com as moscas de forma simples e natural!<br \/>\nDescubra receitas caseiras, armadilhas eficazes e m\u00e9todos profissionais que realmente funcionam.<br \/>\n\ud83c\udf3f Dicas seguras, econ\u00f4micas e pr\u00e1ticas para eliminar moscas de qualquer ambiente.<\/p>","protected":false},"featured_media":264,"comment_status":"open","ping_status":"closed","template":"","meta":{"site-sidebar-layout":"default","site-content-layout":"","ast-site-content-layout":"default","site-content-style":"default","site-sidebar-style":"default","ast-global-header-display":"","ast-banner-title-visibility":"","ast-main-header-display":"","ast-hfb-above-header-display":"","ast-hfb-below-header-display":"","ast-hfb-mobile-header-display":"","site-post-title":"","ast-breadcrumbs-content":"","ast-featured-img":"","footer-sml-layout":"","theme-transparent-header-meta":"default","adv-header-id-meta":"","stick-header-meta":"","header-above-stick-meta":"","header-main-stick-meta":"","header-below-stick-meta":"","astra-migrate-meta-layouts":"set","ast-page-background-enabled":"default","ast-page-background-meta":{"desktop":{"background-color":"var(--ast-global-color-5)","background-image":"","background-repeat":"repeat","background-position":"center center","background-size":"auto","background-attachment":"scroll","background-type":"","background-media":"","overlay-type":"","overlay-color":"","overlay-opacity":"","overlay-gradient":""},"tablet":{"background-color":"","background-image":"","background-repeat":"repeat","background-position":"center center","background-size":"auto","background-attachment":"scroll","background-type":"","background-media":"","overlay-type":"","overlay-color":"","overlay-opacity":"","overlay-gradient":""},"mobile":{"background-color":"","background-image":"","background-repeat":"repeat","background-position":"center center","background-size":"auto","background-attachment":"scroll","background-type":"","background-media":"","overlay-type":"","overlay-color":"","overlay-opacity":"","overlay-gradient":""}},"ast-content-background-meta":{"desktop":{"background-color":"var(--ast-global-color-4)","background-image":"","background-repeat":"repeat","background-position":"center center","background-size":"auto","background-attachment":"scroll","background-type":"","background-media":"","overlay-type":"","overlay-color":"","overlay-opacity":"","overlay-gradient":""},"tablet":{"background-color":"var(--ast-global-color-4)","background-image":"","background-repeat":"repeat","background-position":"center center","background-size":"auto","background-attachment":"scroll","background-type":"","background-media":"","overlay-type":"","overlay-color":"","overlay-opacity":"","overlay-gradient":""},"mobile":{"background-color":"var(--ast-global-color-4)","background-image":"","background-repeat":"repeat","background-position":"center center","background-size":"auto","background-attachment":"scroll","background-type":"","background-media":"","overlay-type":"","overlay-color":"","overlay-opacity":"","overlay-gradient":""}}},"product_brand":[],"product_cat":[27],"product_tag":[],"class_list":{"0":"post-262","1":"product","2":"type-product","3":"status-publish","4":"has-post-thumbnail","6":"product_cat-mini-ebooks","7":"desktop-align-left","8":"tablet-align-left","9":"mobile-align-left","11":"first","12":"instock","13":"downloadable","14":"virtual","15":"purchasable","16":"product-type-simple"},"_links":{"self":[{"href":"https:\/\/jsolucoes.com\/en\/wp-json\/wp\/v2\/product\/262","targetHints":{"allow":["GET"]}}],"collection":[{"href":"https:\/\/jsolucoes.com\/en\/wp-json\/wp\/v2\/product"}],"about":[{"href":"https:\/\/jsolucoes.com\/en\/wp-json\/wp\/v2\/types\/product"}],"replies":[{"embeddable":true,"href":"https:\/\/jsolucoes.com\/en\/wp-json\/wp\/v2\/comments?post=262"}],"wp:featuredmedia":[{"embeddable":true,"href":"https:\/\/jsolucoes.com\/en\/wp-json\/wp\/v2\/media\/264"}],"wp:attachment":[{"href":"https:\/\/jsolucoes.com\/en\/wp-json\/wp\/v2\/media?parent=262"}],"wp:term":[{"taxonomy":"product_brand","embeddable":true,"href":"https:\/\/jsolucoes.com\/en\/wp-json\/wp\/v2\/product_brand?post=262"},{"taxonomy":"product_cat","embeddable":true,"href":"https:\/\/jsolucoes.com\/en\/wp-json\/wp\/v2\/product_cat?post=262"},{"taxonomy":"product_tag","embeddable":true,"href":"https:\/\/jsolucoes.com\/en\/wp-json\/wp\/v2\/product_tag?post=262"}],"curies":[{"name":"wp","href":"https:\/\/api.w.org\/{rel}","templated":true}]}}