{"id":256,"date":"2025-10-29T11:26:27","date_gmt":"2025-10-29T11:26:27","guid":{"rendered":"https:\/\/jsolucoes.com\/?post_type=product&#038;p=256"},"modified":"2025-10-30T15:17:12","modified_gmt":"2025-10-30T15:17:12","slug":"dicas-caseiras-e-profissionais-contra-baratas","status":"publish","type":"product","link":"https:\/\/jsolucoes.com\/en\/product\/dicas-caseiras-e-profissionais-contra-baratas\/","title":{"rendered":"Dicas Caseiras e Profissionais contra Baratas"},"content":{"rendered":"<p>As baratas s\u00e3o uma das pragas mais indesejadas e resistentes, mas com as estrat\u00e9gias certas \u00e9 poss\u00edvel elimin\u00e1-las de forma simples, natural e eficaz.<\/p>\n<p>No mini eBook \u201cDicas Caseiras e Profissionais contra Baratas\u201d, voc\u00ea vai aprender:<\/p>\n<p>\u2705 Solu\u00e7\u00f5es naturais com ingredientes dom\u00e9sticos.<br \/>\n\u2705 M\u00e9todos profissionais acess\u00edveis, usados por especialistas.<br \/>\n\u2705 Receitas passo a passo de armadilhas e repelentes.<br \/>\n\u2705 T\u00e9cnicas de preven\u00e7\u00e3o para manter o ambiente livre das baratas.<\/p>\n<p>Tudo com imagens ilustrativas e explica\u00e7\u00f5es diretas, em um eBook visual de leitura r\u00e1pida e pr\u00e1tica.<\/p>\n<p>\ud83d\udca1 Produto digital (PDF com cerca de 6 p\u00e1ginas).<\/p>\n<p>\ud83d\uded2 Baixe agora e descubra as melhores formas de acabar com as baratas de vez!<\/p>","protected":false},"excerpt":{"rendered":"<p>Livre-se das baratas de forma r\u00e1pida e segura!<br \/>\nDescubra receitas caseiras, solu\u00e7\u00f5es profissionais e truques simples para eliminar baratas e impedir que voltem.<br \/>\n\ud83c\udf3f M\u00e9todos eficazes, econ\u00f4micos e seguros para toda a fam\u00edlia.<\/p>","protected":false},"featured_media":258,"comment_status":"open","ping_status":"closed","template":"","meta":{"site-sidebar-layout":"default","site-content-layout":"","ast-site-content-layout":"default","site-content-style":"default","site-sidebar-style":"default","ast-global-header-display":"","ast-banner-title-visibility":"","ast-main-header-display":"","ast-hfb-above-header-display":"","ast-hfb-below-header-display":"","ast-hfb-mobile-header-display":"","site-post-title":"","ast-breadcrumbs-content":"","ast-featured-img":"","footer-sml-layout":"","theme-transparent-header-meta":"default","adv-header-id-meta":"","stick-header-meta":"","header-above-stick-meta":"","header-main-stick-meta":"","header-below-stick-meta":"","astra-migrate-meta-layouts":"set","ast-page-background-enabled":"default","ast-page-background-meta":{"desktop":{"background-color":"var(--ast-global-color-5)","background-image":"","background-repeat":"repeat","background-position":"center center","background-size":"auto","background-attachment":"scroll","background-type":"","background-media":"","overlay-type":"","overlay-color":"","overlay-opacity":"","overlay-gradient":""},"tablet":{"background-color":"","background-image":"","background-repeat":"repeat","background-position":"center center","background-size":"auto","background-attachment":"scroll","background-type":"","background-media":"","overlay-type":"","overlay-color":"","overlay-opacity":"","overlay-gradient":""},"mobile":{"background-color":"","background-image":"","background-repeat":"repeat","background-position":"center center","background-size":"auto","background-attachment":"scroll","background-type":"","background-media":"","overlay-type":"","overlay-color":"","overlay-opacity":"","overlay-gradient":""}},"ast-content-background-meta":{"desktop":{"background-color":"var(--ast-global-color-4)","background-image":"","background-repeat":"repeat","background-position":"center center","background-size":"auto","background-attachment":"scroll","background-type":"","background-media":"","overlay-type":"","overlay-color":"","overlay-opacity":"","overlay-gradient":""},"tablet":{"background-color":"var(--ast-global-color-4)","background-image":"","background-repeat":"repeat","background-position":"center center","background-size":"auto","background-attachment":"scroll","background-type":"","background-media":"","overlay-type":"","overlay-color":"","overlay-opacity":"","overlay-gradient":""},"mobile":{"background-color":"var(--ast-global-color-4)","background-image":"","background-repeat":"repeat","background-position":"center center","background-size":"auto","background-attachment":"scroll","background-type":"","background-media":"","overlay-type":"","overlay-color":"","overlay-opacity":"","overlay-gradient":""}}},"product_brand":[],"product_cat":[27],"product_tag":[],"class_list":{"0":"post-256","1":"product","2":"type-product","3":"status-publish","4":"has-post-thumbnail","6":"product_cat-mini-ebooks","7":"desktop-align-left","8":"tablet-align-left","9":"mobile-align-left","11":"first","12":"instock","13":"downloadable","14":"virtual","15":"purchasable","16":"product-type-simple"},"_links":{"self":[{"href":"https:\/\/jsolucoes.com\/en\/wp-json\/wp\/v2\/product\/256","targetHints":{"allow":["GET"]}}],"collection":[{"href":"https:\/\/jsolucoes.com\/en\/wp-json\/wp\/v2\/product"}],"about":[{"href":"https:\/\/jsolucoes.com\/en\/wp-json\/wp\/v2\/types\/product"}],"replies":[{"embeddable":true,"href":"https:\/\/jsolucoes.com\/en\/wp-json\/wp\/v2\/comments?post=256"}],"wp:featuredmedia":[{"embeddable":true,"href":"https:\/\/jsolucoes.com\/en\/wp-json\/wp\/v2\/media\/258"}],"wp:attachment":[{"href":"https:\/\/jsolucoes.com\/en\/wp-json\/wp\/v2\/media?parent=256"}],"wp:term":[{"taxonomy":"product_brand","embeddable":true,"href":"https:\/\/jsolucoes.com\/en\/wp-json\/wp\/v2\/product_brand?post=256"},{"taxonomy":"product_cat","embeddable":true,"href":"https:\/\/jsolucoes.com\/en\/wp-json\/wp\/v2\/product_cat?post=256"},{"taxonomy":"product_tag","embeddable":true,"href":"https:\/\/jsolucoes.com\/en\/wp-json\/wp\/v2\/product_tag?post=256"}],"curies":[{"name":"wp","href":"https:\/\/api.w.org\/{rel}","templated":true}]}}