{"id":187,"date":"2025-10-19T14:42:01","date_gmt":"2025-10-19T14:42:01","guid":{"rendered":"https:\/\/jsolucoes.com\/?post_type=product&#038;p=187"},"modified":"2025-12-11T13:21:14","modified_gmt":"2025-12-11T13:21:14","slug":"curso-de-especializacao-em-youtube-jsolucoes","status":"publish","type":"product","link":"https:\/\/jsolucoes.com\/en\/product\/curso-de-especializacao-em-youtube-jsolucoes\/","title":{"rendered":"Curso de Especializa\u00e7\u00e3o em YouTube &#8211; jsolucoes"},"content":{"rendered":"<p>Aprenda a transformar o YouTube em sua principal fonte de renda!<\/p>\n<p>Neste curso completo da Jsolu\u00e7\u00f5es, voc\u00ea descobrir\u00e1:<br \/>\n&#8211; Como criar e ativar seu canal para monetizar;<br \/>\n&#8211; Como configurar o canal e construir sua marca (branding);<br \/>\n&#8211; Estrat\u00e9gias de conte\u00fado, SEO e engajamento;<br \/>\n&#8211; Edi\u00e7\u00e3o, thumbnails e crescimento org\u00e2nico;<br \/>\n&#8211; Como gerar receita real com an\u00fancios e parcerias.<\/p>\n<p>\ud83d\udca1 Curso 100% em v\u00eddeo, direto ao ponto, com linguagem simples e pr\u00e1tica.<br \/>\n\ud83c\udf10 Acesse de qualquer dispositivo, no seu ritmo.<\/p>\n<p>Aproveite o pre\u00e7o promocional de lan\u00e7amento e comece hoje!<\/p>","protected":false},"excerpt":{"rendered":"<p>\ud83d\ude80 Aprenda a criar, crescer e monetizar seu canal no YouTube!<\/p>\n<p>Curso completo em v\u00eddeo, direto ao ponto, com linguagem simples e pr\u00e1tica.<\/p>\n<p>\u2705 Cria\u00e7\u00e3o e ativa\u00e7\u00e3o do canal<br \/>\n\u2705 Branding e configura\u00e7\u00e3o profissional<br \/>\n\u2705 Estrat\u00e9gias de crescimento e monetiza\u00e7\u00e3o<br \/>\n\u2705 Passo a passo para gerar renda real<\/p>\n<p>\ud83d\udca1 Acesse de qualquer lugar e comece ainda hoje!<\/p>","protected":false},"featured_media":190,"comment_status":"open","ping_status":"closed","template":"","meta":{"site-sidebar-layout":"default","site-content-layout":"","ast-site-content-layout":"default","site-content-style":"default","site-sidebar-style":"default","ast-global-header-display":"","ast-banner-title-visibility":"","ast-main-header-display":"","ast-hfb-above-header-display":"","ast-hfb-below-header-display":"","ast-hfb-mobile-header-display":"","site-post-title":"","ast-breadcrumbs-content":"","ast-featured-img":"","footer-sml-layout":"","theme-transparent-header-meta":"default","adv-header-id-meta":"","stick-header-meta":"","header-above-stick-meta":"","header-main-stick-meta":"","header-below-stick-meta":"","astra-migrate-meta-layouts":"set","ast-page-background-enabled":"default","ast-page-background-meta":{"desktop":{"background-color":"var(--ast-global-color-5)","background-image":"","background-repeat":"repeat","background-position":"center center","background-size":"auto","background-attachment":"scroll","background-type":"","background-media":"","overlay-type":"","overlay-color":"","overlay-opacity":"","overlay-gradient":""},"tablet":{"background-color":"","background-image":"","background-repeat":"repeat","background-position":"center center","background-size":"auto","background-attachment":"scroll","background-type":"","background-media":"","overlay-type":"","overlay-color":"","overlay-opacity":"","overlay-gradient":""},"mobile":{"background-color":"","background-image":"","background-repeat":"repeat","background-position":"center center","background-size":"auto","background-attachment":"scroll","background-type":"","background-media":"","overlay-type":"","overlay-color":"","overlay-opacity":"","overlay-gradient":""}},"ast-content-background-meta":{"desktop":{"background-color":"var(--ast-global-color-4)","background-image":"","background-repeat":"repeat","background-position":"center center","background-size":"auto","background-attachment":"scroll","background-type":"","background-media":"","overlay-type":"","overlay-color":"","overlay-opacity":"","overlay-gradient":""},"tablet":{"background-color":"var(--ast-global-color-4)","background-image":"","background-repeat":"repeat","background-position":"center center","background-size":"auto","background-attachment":"scroll","background-type":"","background-media":"","overlay-type":"","overlay-color":"","overlay-opacity":"","overlay-gradient":""},"mobile":{"background-color":"var(--ast-global-color-4)","background-image":"","background-repeat":"repeat","background-position":"center center","background-size":"auto","background-attachment":"scroll","background-type":"","background-media":"","overlay-type":"","overlay-color":"","overlay-opacity":"","overlay-gradient":""}}},"product_brand":[],"product_cat":[25],"product_tag":[],"class_list":{"0":"post-187","1":"product","2":"type-product","3":"status-publish","4":"has-post-thumbnail","6":"product_cat-redes-sociais","7":"desktop-align-left","8":"tablet-align-left","9":"mobile-align-left","11":"first","12":"instock","13":"virtual","14":"purchasable","15":"product-type-simple"},"_links":{"self":[{"href":"https:\/\/jsolucoes.com\/en\/wp-json\/wp\/v2\/product\/187","targetHints":{"allow":["GET"]}}],"collection":[{"href":"https:\/\/jsolucoes.com\/en\/wp-json\/wp\/v2\/product"}],"about":[{"href":"https:\/\/jsolucoes.com\/en\/wp-json\/wp\/v2\/types\/product"}],"replies":[{"embeddable":true,"href":"https:\/\/jsolucoes.com\/en\/wp-json\/wp\/v2\/comments?post=187"}],"wp:featuredmedia":[{"embeddable":true,"href":"https:\/\/jsolucoes.com\/en\/wp-json\/wp\/v2\/media\/190"}],"wp:attachment":[{"href":"https:\/\/jsolucoes.com\/en\/wp-json\/wp\/v2\/media?parent=187"}],"wp:term":[{"taxonomy":"product_brand","embeddable":true,"href":"https:\/\/jsolucoes.com\/en\/wp-json\/wp\/v2\/product_brand?post=187"},{"taxonomy":"product_cat","embeddable":true,"href":"https:\/\/jsolucoes.com\/en\/wp-json\/wp\/v2\/product_cat?post=187"},{"taxonomy":"product_tag","embeddable":true,"href":"https:\/\/jsolucoes.com\/en\/wp-json\/wp\/v2\/product_tag?post=187"}],"curies":[{"name":"wp","href":"https:\/\/api.w.org\/{rel}","templated":true}]}}