{"id":7,"date":"2025-08-11T19:16:21","date_gmt":"2025-08-11T19:16:21","guid":{"rendered":"https:\/\/beige-oryx-400039.hostingersite.com\/carrinho\/"},"modified":"2025-10-25T13:18:29","modified_gmt":"2025-10-25T13:18:29","slug":"carrinho","status":"publish","type":"page","link":"https:\/\/jsolucoes.com\/en\/carrinho\/","title":{"rendered":"Carrinho"},"content":{"rendered":"<div data-block-name=\"woocommerce\/cart\" class=\"wp-block-woocommerce-cart is-loading\">\n<div data-block-name=\"woocommerce\/filled-cart-block\" class=\"wp-block-woocommerce-filled-cart-block\">\n<div data-block-name=\"woocommerce\/cart-items-block\" class=\"wp-block-woocommerce-cart-items-block\">\n<div data-block-name=\"woocommerce\/cart-line-items-block\" class=\"wp-block-woocommerce-cart-line-items-block\"><\/div>\n\n\n\n<div data-block-name=\"woocommerce\/cart-cross-sells-block\" class=\"wp-block-woocommerce-cart-cross-sells-block\">\n<h2 class=\"wp-block-heading has-large-font-size\">Voc\u00ea pode estar interessado\u2026<\/h2>\n\n\n\n<div data-block-name=\"woocommerce\/cart-cross-sells-products-block\" class=\"wp-block-woocommerce-cart-cross-sells-products-block\"><\/div>\n<\/div>\n<\/div>\n\n\n\n<div data-block-name=\"woocommerce\/cart-totals-block\" class=\"wp-block-woocommerce-cart-totals-block\">\n<div data-block-name=\"woocommerce\/cart-order-summary-block\" class=\"wp-block-woocommerce-cart-order-summary-block\">\n<div data-block-name=\"woocommerce\/cart-order-summary-heading-block\" data-content=\"Total no carrinho\" class=\"wp-block-woocommerce-cart-order-summary-heading-block\"><\/div>\n\n\n\n<div data-block-name=\"woocommerce\/cart-order-summary-coupon-form-block\" class=\"wp-block-woocommerce-cart-order-summary-coupon-form-block\"><\/div>\n\n\n\n<div data-block-name=\"woocommerce\/cart-order-summary-totals-block\" class=\"wp-block-woocommerce-cart-order-summary-totals-block\">\n<div data-block-name=\"woocommerce\/cart-order-summary-subtotal-block\" class=\"wp-block-woocommerce-cart-order-summary-subtotal-block\"><\/div>\n\n\n\n<div data-block-name=\"woocommerce\/cart-order-summary-fee-block\" class=\"wp-block-woocommerce-cart-order-summary-fee-block\"><\/div>\n\n\n\n<div data-block-name=\"woocommerce\/cart-order-summary-discount-block\" class=\"wp-block-woocommerce-cart-order-summary-discount-block\"><\/div>\n\n\n\n<div data-block-name=\"woocommerce\/cart-order-summary-shipping-block\" class=\"wp-block-woocommerce-cart-order-summary-shipping-block\"><\/div>\n\n\n\n<div data-block-name=\"woocommerce\/cart-order-summary-taxes-block\" class=\"wp-block-woocommerce-cart-order-summary-taxes-block\"><\/div>\n<\/div>\n<\/div>\n\n\n\n<div data-block-name=\"woocommerce\/cart-express-payment-block\" class=\"wp-block-woocommerce-cart-express-payment-block\"><\/div>\n\n\n\n<div data-block-name=\"woocommerce\/proceed-to-checkout-block\" class=\"wp-block-woocommerce-proceed-to-checkout-block\"><\/div>\n\n\n\n<div data-block-name=\"woocommerce\/cart-accepted-payment-methods-block\" class=\"wp-block-woocommerce-cart-accepted-payment-methods-block\"><\/div>\n<\/div>\n<\/div>\n\n\n\n<div data-block-name=\"woocommerce\/empty-cart-block\" class=\"wp-block-woocommerce-empty-cart-block\">\n<h2 class=\"wp-block-heading has-text-align-center with-empty-cart-icon wc-block-cart__empty-cart__title\">Seu carrinho est\u00e1 vazio no momento!<\/h2>\n\n\n\n<hr class=\"wp-block-separator has-alpha-channel-opacity is-style-dots\"\/>\n\n\n\n<h2 class=\"wp-block-heading has-text-align-center\">Novo na loja<\/h2>\n\n\n<div data-block-name=\"woocommerce\/product-new\" data-columns=\"4\" data-rows=\"1\" class=\"wc-block-grid wp-block-product-new wp-block-woocommerce-product-new wc-block-product-new has-4-columns\"><ul class=\"wc-block-grid__products\"><li class=\"wc-block-grid__product\">\n\t\t\t\t<a href=\"https:\/\/jsolucoes.com\/en\/product\/curso-kuaishou-especializacao-em-redes-sociais-chinesas-portugues\/\" class=\"wc-block-grid__product-link\">\n\t\t\t\t\t\n\t\t\t\t\t<div class=\"wc-block-grid__product-image\"><img fetchpriority=\"high\" decoding=\"async\" width=\"300\" height=\"300\" src=\"https:\/\/jsolucoes.com\/wp-content\/uploads\/2026\/01\/ChatGPT-Image-23-de-jan.-de-2026-10_12_22-300x300.png\" class=\"attachment-woocommerce_thumbnail size-woocommerce_thumbnail\" alt=\"Curso Kuaishou \u2013 Especializa\u00e7\u00e3o em Redes Sociais Chinesas (Portugu\u00eas)\" srcset=\"https:\/\/jsolucoes.com\/wp-content\/uploads\/2026\/01\/ChatGPT-Image-23-de-jan.-de-2026-10_12_22-300x300.png 300w, https:\/\/jsolucoes.com\/wp-content\/uploads\/2026\/01\/ChatGPT-Image-23-de-jan.-de-2026-10_12_22-150x150.png 150w, https:\/\/jsolucoes.com\/wp-content\/uploads\/2026\/01\/ChatGPT-Image-23-de-jan.-de-2026-10_12_22-768x768.png 768w, https:\/\/jsolucoes.com\/wp-content\/uploads\/2026\/01\/ChatGPT-Image-23-de-jan.-de-2026-10_12_22-12x12.png 12w, https:\/\/jsolucoes.com\/wp-content\/uploads\/2026\/01\/ChatGPT-Image-23-de-jan.-de-2026-10_12_22-600x600.png 600w, https:\/\/jsolucoes.com\/wp-content\/uploads\/2026\/01\/ChatGPT-Image-23-de-jan.-de-2026-10_12_22-100x100.png 100w, https:\/\/jsolucoes.com\/wp-content\/uploads\/2026\/01\/ChatGPT-Image-23-de-jan.-de-2026-10_12_22.png 1024w\" sizes=\"(max-width: 300px) 100vw, 300px\" \/><\/div>\n\t\t\t\t\t<div class=\"wc-block-grid__product-title\">Curso Kuaishou \u2013 Especializa\u00e7\u00e3o em Redes Sociais Chinesas (Portugu\u00eas)<\/div>\n\t\t\t\t<\/a>\n\t\t\t\t<div class=\"wc-block-grid__product-price price\"><span class=\"woocommerce-Price-amount amount\"><span class=\"woocommerce-Price-currencySymbol\">&#082;&#036;<\/span>225.00<\/span><\/div>\n\t\t\t\t\n\t\t\t\t<div class=\"wp-block-button wc-block-grid__product-add-to-cart\"><a href=\"\/en\/wp-json\/wp\/v2\/pages\/7?add-to-cart=362\" aria-label=\"Add to cart: \u201cCurso Kuaishou \u2013 Especializa\u00e7\u00e3o em Redes Sociais Chinesas (Portugu\u00eas)\u201d\" data-quantity=\"1\" data-product_id=\"362\" data-product_sku=\"\" data-price=\"225\" rel=\"nofollow\" class=\"wp-block-button__link  add_to_cart_button ajax_add_to_cart\" data-no-translation=\"\" data-trp-gettext=\"\" data-no-translation-aria-label=\"\">Add to cart<\/a><\/div>\n\t\t\t<\/li><li class=\"wc-block-grid__product\">\n\t\t\t\t<a href=\"https:\/\/jsolucoes.com\/en\/product\/curso-xiaohongshu-red-especializacao-em-redes-sociais-chinesas-portugues\/\" class=\"wc-block-grid__product-link\">\n\t\t\t\t\t\n\t\t\t\t\t<div class=\"wc-block-grid__product-image\"><img decoding=\"async\" width=\"300\" height=\"300\" src=\"https:\/\/jsolucoes.com\/wp-content\/uploads\/2026\/01\/ChatGPT-Image-23-de-jan.-de-2026-10_07_29-300x300.png\" class=\"attachment-woocommerce_thumbnail size-woocommerce_thumbnail\" alt=\"Curso Xiaohongshu (RED) \u2013 Especializa\u00e7\u00e3o em Redes Sociais Chinesas (Portugu\u00eas)\" srcset=\"https:\/\/jsolucoes.com\/wp-content\/uploads\/2026\/01\/ChatGPT-Image-23-de-jan.-de-2026-10_07_29-300x300.png 300w, https:\/\/jsolucoes.com\/wp-content\/uploads\/2026\/01\/ChatGPT-Image-23-de-jan.-de-2026-10_07_29-150x150.png 150w, https:\/\/jsolucoes.com\/wp-content\/uploads\/2026\/01\/ChatGPT-Image-23-de-jan.-de-2026-10_07_29-768x768.png 768w, https:\/\/jsolucoes.com\/wp-content\/uploads\/2026\/01\/ChatGPT-Image-23-de-jan.-de-2026-10_07_29-12x12.png 12w, https:\/\/jsolucoes.com\/wp-content\/uploads\/2026\/01\/ChatGPT-Image-23-de-jan.-de-2026-10_07_29-600x600.png 600w, https:\/\/jsolucoes.com\/wp-content\/uploads\/2026\/01\/ChatGPT-Image-23-de-jan.-de-2026-10_07_29-100x100.png 100w, https:\/\/jsolucoes.com\/wp-content\/uploads\/2026\/01\/ChatGPT-Image-23-de-jan.-de-2026-10_07_29.png 1024w\" sizes=\"(max-width: 300px) 100vw, 300px\" \/><\/div>\n\t\t\t\t\t<div class=\"wc-block-grid__product-title\">Curso Xiaohongshu (RED) \u2013 Especializa\u00e7\u00e3o em Redes Sociais Chinesas (Portugu\u00eas)<\/div>\n\t\t\t\t<\/a>\n\t\t\t\t<div class=\"wc-block-grid__product-price price\"><span class=\"woocommerce-Price-amount amount\"><span class=\"woocommerce-Price-currencySymbol\">&#082;&#036;<\/span>225.00<\/span><\/div>\n\t\t\t\t\n\t\t\t\t<div class=\"wp-block-button wc-block-grid__product-add-to-cart\"><a href=\"\/en\/wp-json\/wp\/v2\/pages\/7?add-to-cart=360\" aria-label=\"Add to cart: \u201cCurso Xiaohongshu (RED) \u2013 Especializa\u00e7\u00e3o em Redes Sociais Chinesas (Portugu\u00eas)\u201d\" data-quantity=\"1\" data-product_id=\"360\" data-product_sku=\"\" data-price=\"225\" rel=\"nofollow\" class=\"wp-block-button__link  add_to_cart_button ajax_add_to_cart\" data-no-translation=\"\" data-trp-gettext=\"\" data-no-translation-aria-label=\"\">Add to cart<\/a><\/div>\n\t\t\t<\/li><li class=\"wc-block-grid__product\">\n\t\t\t\t<a href=\"https:\/\/jsolucoes.com\/en\/product\/curso-weibo-especializacao-em-redes-sociais-chinesas-portugues\/\" class=\"wc-block-grid__product-link\">\n\t\t\t\t\t\n\t\t\t\t\t<div class=\"wc-block-grid__product-image\"><img decoding=\"async\" width=\"300\" height=\"300\" src=\"https:\/\/jsolucoes.com\/wp-content\/uploads\/2026\/01\/ChatGPT-Image-23-de-jan.-de-2026-10_02_16-300x300.png\" class=\"attachment-woocommerce_thumbnail size-woocommerce_thumbnail\" alt=\"Curso Weibo \u2013 Especializa\u00e7\u00e3o em Redes Sociais Chinesas (Portugu\u00eas)\" srcset=\"https:\/\/jsolucoes.com\/wp-content\/uploads\/2026\/01\/ChatGPT-Image-23-de-jan.-de-2026-10_02_16-300x300.png 300w, https:\/\/jsolucoes.com\/wp-content\/uploads\/2026\/01\/ChatGPT-Image-23-de-jan.-de-2026-10_02_16-150x150.png 150w, https:\/\/jsolucoes.com\/wp-content\/uploads\/2026\/01\/ChatGPT-Image-23-de-jan.-de-2026-10_02_16-768x768.png 768w, https:\/\/jsolucoes.com\/wp-content\/uploads\/2026\/01\/ChatGPT-Image-23-de-jan.-de-2026-10_02_16-12x12.png 12w, https:\/\/jsolucoes.com\/wp-content\/uploads\/2026\/01\/ChatGPT-Image-23-de-jan.-de-2026-10_02_16-600x600.png 600w, https:\/\/jsolucoes.com\/wp-content\/uploads\/2026\/01\/ChatGPT-Image-23-de-jan.-de-2026-10_02_16-100x100.png 100w, https:\/\/jsolucoes.com\/wp-content\/uploads\/2026\/01\/ChatGPT-Image-23-de-jan.-de-2026-10_02_16.png 1024w\" sizes=\"(max-width: 300px) 100vw, 300px\" \/><\/div>\n\t\t\t\t\t<div class=\"wc-block-grid__product-title\">Curso Weibo \u2013 Especializa\u00e7\u00e3o em Redes Sociais Chinesas (Portugu\u00eas)<\/div>\n\t\t\t\t<\/a>\n\t\t\t\t<div class=\"wc-block-grid__product-price price\"><span class=\"woocommerce-Price-amount amount\"><span class=\"woocommerce-Price-currencySymbol\">&#082;&#036;<\/span>225.00<\/span><\/div>\n\t\t\t\t\n\t\t\t\t<div class=\"wp-block-button wc-block-grid__product-add-to-cart\"><a href=\"\/en\/wp-json\/wp\/v2\/pages\/7?add-to-cart=358\" aria-label=\"Add to cart: \u201cCurso Weibo \u2013 Especializa\u00e7\u00e3o em Redes Sociais Chinesas (Portugu\u00eas)\u201d\" data-quantity=\"1\" data-product_id=\"358\" data-product_sku=\"\" data-price=\"225\" rel=\"nofollow\" class=\"wp-block-button__link  add_to_cart_button ajax_add_to_cart\" data-no-translation=\"\" data-trp-gettext=\"\" data-no-translation-aria-label=\"\">Add to cart<\/a><\/div>\n\t\t\t<\/li><li class=\"wc-block-grid__product\">\n\t\t\t\t<a href=\"https:\/\/jsolucoes.com\/en\/product\/curso-douyin-especializacao-em-redes-sociais-chinesas-portugues\/\" class=\"wc-block-grid__product-link\">\n\t\t\t\t\t\n\t\t\t\t\t<div class=\"wc-block-grid__product-image\"><img loading=\"lazy\" decoding=\"async\" width=\"300\" height=\"300\" src=\"https:\/\/jsolucoes.com\/wp-content\/uploads\/2026\/01\/ChatGPT-Image-23-de-jan.-de-2026-09_55_13-300x300.png\" class=\"attachment-woocommerce_thumbnail size-woocommerce_thumbnail\" alt=\"Curso Douyin \u2013 Especializa\u00e7\u00e3o em Redes Sociais Chinesas (Portugu\u00eas)\" srcset=\"https:\/\/jsolucoes.com\/wp-content\/uploads\/2026\/01\/ChatGPT-Image-23-de-jan.-de-2026-09_55_13-300x300.png 300w, https:\/\/jsolucoes.com\/wp-content\/uploads\/2026\/01\/ChatGPT-Image-23-de-jan.-de-2026-09_55_13-150x150.png 150w, https:\/\/jsolucoes.com\/wp-content\/uploads\/2026\/01\/ChatGPT-Image-23-de-jan.-de-2026-09_55_13-768x768.png 768w, https:\/\/jsolucoes.com\/wp-content\/uploads\/2026\/01\/ChatGPT-Image-23-de-jan.-de-2026-09_55_13-12x12.png 12w, https:\/\/jsolucoes.com\/wp-content\/uploads\/2026\/01\/ChatGPT-Image-23-de-jan.-de-2026-09_55_13-600x600.png 600w, https:\/\/jsolucoes.com\/wp-content\/uploads\/2026\/01\/ChatGPT-Image-23-de-jan.-de-2026-09_55_13-100x100.png 100w, https:\/\/jsolucoes.com\/wp-content\/uploads\/2026\/01\/ChatGPT-Image-23-de-jan.-de-2026-09_55_13.png 1024w\" sizes=\"(max-width: 300px) 100vw, 300px\" \/><\/div>\n\t\t\t\t\t<div class=\"wc-block-grid__product-title\">Curso Douyin \u2013 Especializa\u00e7\u00e3o em Redes Sociais Chinesas (Portugu\u00eas)<\/div>\n\t\t\t\t<\/a>\n\t\t\t\t<div class=\"wc-block-grid__product-price price\"><span class=\"woocommerce-Price-amount amount\"><span class=\"woocommerce-Price-currencySymbol\">&#082;&#036;<\/span>225.00<\/span><\/div>\n\t\t\t\t\n\t\t\t\t<div class=\"wp-block-button wc-block-grid__product-add-to-cart\"><a href=\"\/en\/wp-json\/wp\/v2\/pages\/7?add-to-cart=356\" aria-label=\"Add to cart: \u201cCurso Douyin \u2013 Especializa\u00e7\u00e3o em Redes Sociais Chinesas (Portugu\u00eas)\u201d\" data-quantity=\"1\" data-product_id=\"356\" data-product_sku=\"\" data-price=\"225\" rel=\"nofollow\" class=\"wp-block-button__link  add_to_cart_button ajax_add_to_cart\" data-no-translation=\"\" data-trp-gettext=\"\" data-no-translation-aria-label=\"\">Add to cart<\/a><\/div>\n\t\t\t<\/li><\/ul><\/div><\/div>\n<\/div>","protected":false},"excerpt":{"rendered":"","protected":false},"author":1,"featured_media":0,"parent":0,"menu_order":0,"comment_status":"closed","ping_status":"closed","template":"","meta":{"site-sidebar-layout":"default","site-content-layout":"","ast-site-content-layout":"default","site-content-style":"default","site-sidebar-style":"default","ast-global-header-display":"","ast-banner-title-visibility":"","ast-main-header-display":"","ast-hfb-above-header-display":"","ast-hfb-below-header-display":"","ast-hfb-mobile-header-display":"","site-post-title":"","ast-breadcrumbs-content":"","ast-featured-img":"","footer-sml-layout":"","theme-transparent-header-meta":"","adv-header-id-meta":"","stick-header-meta":"","header-above-stick-meta":"","header-main-stick-meta":"","header-below-stick-meta":"","astra-migrate-meta-layouts":"default","ast-page-background-enabled":"default","ast-page-background-meta":{"desktop":{"background-color":"var(--ast-global-color-5)","background-image":"","background-repeat":"repeat","background-position":"center center","background-size":"auto","background-attachment":"scroll","background-type":"","background-media":"","overlay-type":"","overlay-color":"","overlay-opacity":"","overlay-gradient":""},"tablet":{"background-color":"","background-image":"","background-repeat":"repeat","background-position":"center center","background-size":"auto","background-attachment":"scroll","background-type":"","background-media":"","overlay-type":"","overlay-color":"","overlay-opacity":"","overlay-gradient":""},"mobile":{"background-color":"","background-image":"","background-repeat":"repeat","background-position":"center center","background-size":"auto","background-attachment":"scroll","background-type":"","background-media":"","overlay-type":"","overlay-color":"","overlay-opacity":"","overlay-gradient":""}},"ast-content-background-meta":{"desktop":{"background-color":"var(--ast-global-color-4)","background-image":"","background-repeat":"repeat","background-position":"center center","background-size":"auto","background-attachment":"scroll","background-type":"","background-media":"","overlay-type":"","overlay-color":"","overlay-opacity":"","overlay-gradient":""},"tablet":{"background-color":"var(--ast-global-color-4)","background-image":"","background-repeat":"repeat","background-position":"center center","background-size":"auto","background-attachment":"scroll","background-type":"","background-media":"","overlay-type":"","overlay-color":"","overlay-opacity":"","overlay-gradient":""},"mobile":{"background-color":"var(--ast-global-color-4)","background-image":"","background-repeat":"repeat","background-position":"center center","background-size":"auto","background-attachment":"scroll","background-type":"","background-media":"","overlay-type":"","overlay-color":"","overlay-opacity":"","overlay-gradient":""}},"footnotes":""},"class_list":["post-7","page","type-page","status-publish","hentry"],"_links":{"self":[{"href":"https:\/\/jsolucoes.com\/en\/wp-json\/wp\/v2\/pages\/7","targetHints":{"allow":["GET"]}}],"collection":[{"href":"https:\/\/jsolucoes.com\/en\/wp-json\/wp\/v2\/pages"}],"about":[{"href":"https:\/\/jsolucoes.com\/en\/wp-json\/wp\/v2\/types\/page"}],"author":[{"embeddable":true,"href":"https:\/\/jsolucoes.com\/en\/wp-json\/wp\/v2\/users\/1"}],"replies":[{"embeddable":true,"href":"https:\/\/jsolucoes.com\/en\/wp-json\/wp\/v2\/comments?post=7"}],"version-history":[{"count":1,"href":"https:\/\/jsolucoes.com\/en\/wp-json\/wp\/v2\/pages\/7\/revisions"}],"predecessor-version":[{"id":234,"href":"https:\/\/jsolucoes.com\/en\/wp-json\/wp\/v2\/pages\/7\/revisions\/234"}],"wp:attachment":[{"href":"https:\/\/jsolucoes.com\/en\/wp-json\/wp\/v2\/media?parent=7"}],"curies":[{"name":"wp","href":"https:\/\/api.w.org\/{rel}","templated":true}]}}