{"id":51,"date":"2025-09-01T11:54:50","date_gmt":"2025-09-01T11:54:50","guid":{"rendered":"https:\/\/jsolucoes.com\/?page_id=51"},"modified":"2025-10-06T21:12:40","modified_gmt":"2025-10-06T21:12:40","slug":"aula-gratis-ingles-para-viagem","status":"publish","type":"page","link":"https:\/\/jsolucoes.com\/en\/aula-gratis-ingles-para-viagem\/","title":{"rendered":"Aula Gr\u00e1tis \u2013 Ingl\u00eas para Viagem"},"content":{"rendered":"<p>\ud83c\udf89 <strong>Bem-vindo \u00e0 sua Aula Gr\u00e1tis!<\/strong><br>Assista aos v\u00eddeos abaixo e veja como \u00e9 f\u00e1cil aprender frases \u00fateis para viagens.<br>Cada v\u00eddeo mostra situa\u00e7\u00f5es reais que voc\u00ea vai encontrar em qualquer pa\u00eds.<\/p>\n\n\n\n<p>\ud83d\udc49 Se gostar dessa aula, continue seus estudos completos no nosso curso.<br>Basta clicar no bot\u00e3o abaixo e come\u00e7ar agora mesmo!<\/p>\n\n\n\n<figure class=\"wp-block-video\"><video height=\"1080\" style=\"aspect-ratio: 1920 \/ 1080;\" width=\"1920\" controls src=\"https:\/\/jsolucoes.com\/wp-content\/uploads\/2025\/10\/Airport-Check-in-1.mp4\"><\/video><\/figure>\n\n\n\n<figure class=\"wp-block-video\"><video height=\"1080\" style=\"aspect-ratio: 1920 \/ 1080;\" width=\"1920\" controls src=\"https:\/\/jsolucoes.com\/wp-content\/uploads\/2025\/10\/Hotel-Reception.mp4\"><\/video><\/figure>\n\n\n\n<figure class=\"wp-block-video\"><video height=\"1080\" style=\"aspect-ratio: 1920 \/ 1080;\" width=\"1920\" controls src=\"https:\/\/jsolucoes.com\/wp-content\/uploads\/2025\/10\/Restaurant-Inside.mp4\"><\/video><\/figure>\n\n\n\n<div class=\"wp-block-buttons is-layout-flex wp-block-buttons-is-layout-flex\">\n<div class=\"wp-block-button\"><a class=\"wp-block-button__link wp-element-button\" href=\"https:\/\/jsolucoes.com\/en\/cursos\/\">\ud83d\udc49 <strong>\u201cQuero o curso completo<\/strong><\/a><\/div>\n<\/div>","protected":false},"excerpt":{"rendered":"<p>\ud83c\udf89 Bem-vindo \u00e0 sua Aula Gr\u00e1tis!Assista aos v\u00eddeos abaixo e veja como \u00e9 f\u00e1cil aprender frases \u00fateis para viagens.Cada v\u00eddeo [&hellip;]<\/p>\n","protected":false},"author":1,"featured_media":0,"parent":0,"menu_order":0,"comment_status":"closed","ping_status":"closed","template":"","meta":{"site-sidebar-layout":"default","site-content-layout":"","ast-site-content-layout":"default","site-content-style":"default","site-sidebar-style":"default","ast-global-header-display":"","ast-banner-title-visibility":"","ast-main-header-display":"","ast-hfb-above-header-display":"","ast-hfb-below-header-display":"","ast-hfb-mobile-header-display":"","site-post-title":"","ast-breadcrumbs-content":"","ast-featured-img":"","footer-sml-layout":"","theme-transparent-header-meta":"","adv-header-id-meta":"","stick-header-meta":"","header-above-stick-meta":"","header-main-stick-meta":"","header-below-stick-meta":"","astra-migrate-meta-layouts":"default","ast-page-background-enabled":"default","ast-page-background-meta":{"desktop":{"background-color":"var(--ast-global-color-5)","background-image":"","background-repeat":"repeat","background-position":"center center","background-size":"auto","background-attachment":"scroll","background-type":"","background-media":"","overlay-type":"","overlay-color":"","overlay-opacity":"","overlay-gradient":""},"tablet":{"background-color":"","background-image":"","background-repeat":"repeat","background-position":"center center","background-size":"auto","background-attachment":"scroll","background-type":"","background-media":"","overlay-type":"","overlay-color":"","overlay-opacity":"","overlay-gradient":""},"mobile":{"background-color":"","background-image":"","background-repeat":"repeat","background-position":"center center","background-size":"auto","background-attachment":"scroll","background-type":"","background-media":"","overlay-type":"","overlay-color":"","overlay-opacity":"","overlay-gradient":""}},"ast-content-background-meta":{"desktop":{"background-color":"var(--ast-global-color-4)","background-image":"","background-repeat":"repeat","background-position":"center center","background-size":"auto","background-attachment":"scroll","background-type":"","background-media":"","overlay-type":"","overlay-color":"","overlay-opacity":"","overlay-gradient":""},"tablet":{"background-color":"var(--ast-global-color-4)","background-image":"","background-repeat":"repeat","background-position":"center center","background-size":"auto","background-attachment":"scroll","background-type":"","background-media":"","overlay-type":"","overlay-color":"","overlay-opacity":"","overlay-gradient":""},"mobile":{"background-color":"var(--ast-global-color-4)","background-image":"","background-repeat":"repeat","background-position":"center center","background-size":"auto","background-attachment":"scroll","background-type":"","background-media":"","overlay-type":"","overlay-color":"","overlay-opacity":"","overlay-gradient":""}},"footnotes":""},"class_list":["post-51","page","type-page","status-publish","hentry"],"_links":{"self":[{"href":"https:\/\/jsolucoes.com\/en\/wp-json\/wp\/v2\/pages\/51","targetHints":{"allow":["GET"]}}],"collection":[{"href":"https:\/\/jsolucoes.com\/en\/wp-json\/wp\/v2\/pages"}],"about":[{"href":"https:\/\/jsolucoes.com\/en\/wp-json\/wp\/v2\/types\/page"}],"author":[{"embeddable":true,"href":"https:\/\/jsolucoes.com\/en\/wp-json\/wp\/v2\/users\/1"}],"replies":[{"embeddable":true,"href":"https:\/\/jsolucoes.com\/en\/wp-json\/wp\/v2\/comments?post=51"}],"version-history":[{"count":11,"href":"https:\/\/jsolucoes.com\/en\/wp-json\/wp\/v2\/pages\/51\/revisions"}],"predecessor-version":[{"id":165,"href":"https:\/\/jsolucoes.com\/en\/wp-json\/wp\/v2\/pages\/51\/revisions\/165"}],"wp:attachment":[{"href":"https:\/\/jsolucoes.com\/en\/wp-json\/wp\/v2\/media?parent=51"}],"curies":[{"name":"wp","href":"https:\/\/api.w.org\/{rel}","templated":true}]}}