{"id":19,"date":"2025-08-25T17:31:04","date_gmt":"2025-08-25T17:31:04","guid":{"rendered":"https:\/\/jsolucoes.com\/?page_id=19"},"modified":"2025-10-22T13:22:44","modified_gmt":"2025-10-22T13:22:44","slug":"sobre","status":"publish","type":"page","link":"https:\/\/jsolucoes.com\/en\/sobre\/","title":{"rendered":"sobre"},"content":{"rendered":"<h1 class=\"wp-block-heading\">\u2139\ufe0f Quem Somos<\/h1>\n\n\n\n<p>Na <strong>Jsolu\u00e7\u00f5es<\/strong>, acreditamos que aprender um idioma para viajar deve ser <strong>r\u00e1pido, pr\u00e1tico e direto ao ponto<\/strong>.<br>Foi por isso que criamos cursos focados em <strong>conversa\u00e7\u00e3o real<\/strong>, sem gram\u00e1tica desnecess\u00e1ria e sem enrola\u00e7\u00e3o.<\/p>\n\n\n\n<hr class=\"wp-block-separator has-alpha-channel-opacity\"\/>\n\n\n\n<h2 class=\"wp-block-heading\">Nossa Miss\u00e3o<\/h2>\n\n\n\n<p>Ajudar viajantes a se comunicarem com confian\u00e7a em qualquer lugar do mundo.<br>Com nossos cursos, voc\u00ea aprende frases \u00fateis j\u00e1 nas primeiras aulas, usando um m\u00e9todo simples, moderno e acess\u00edvel.<\/p>\n\n\n\n<hr class=\"wp-block-separator has-alpha-channel-opacity\"\/>\n\n\n\n<h2 class=\"wp-block-heading\">Nosso Diferencial<\/h2>\n\n\n\n<ul class=\"wp-block-list\">\n<li>\u2705 Cursos curtos e objetivos.<\/li>\n\n\n\n<li>\u2705 Pagamento podendo ser parcelado no cart\u00e3o, sem mensalidades ou an\u00fancios.<\/li>\n\n\n\n<li>\u2705 Aulas de demonstra\u00e7\u00e3o gratuitas.<\/li>\n<\/ul>\n\n\n\n<hr class=\"wp-block-separator has-alpha-channel-opacity\"\/>\n\n\n\n<h2 class=\"wp-block-heading\">Olhando para o Futuro<\/h2>\n\n\n\n<p>Hoje come\u00e7amos com o <strong>Ingl\u00eas para Viagem<\/strong>, mas j\u00e1 estamos preparando cursos em Espanhol, Franc\u00eas, Alem\u00e3o, Mandarim, \u00c1rabe, Japon\u00eas e Coreano.<br>Assim, cada vez mais pessoas poder\u00e3o viajar sem medo de se comunicar.<\/p>","protected":false},"excerpt":{"rendered":"<p>\u2139\ufe0f Quem Somos Na Jsolu\u00e7\u00f5es, acreditamos que aprender um idioma para viajar deve ser r\u00e1pido, pr\u00e1tico e direto ao ponto.Foi [&hellip;]<\/p>\n","protected":false},"author":1,"featured_media":0,"parent":0,"menu_order":0,"comment_status":"closed","ping_status":"closed","template":"","meta":{"site-sidebar-layout":"default","site-content-layout":"","ast-site-content-layout":"default","site-content-style":"default","site-sidebar-style":"default","ast-global-header-display":"","ast-banner-title-visibility":"","ast-main-header-display":"","ast-hfb-above-header-display":"","ast-hfb-below-header-display":"","ast-hfb-mobile-header-display":"","site-post-title":"","ast-breadcrumbs-content":"","ast-featured-img":"","footer-sml-layout":"","theme-transparent-header-meta":"","adv-header-id-meta":"","stick-header-meta":"","header-above-stick-meta":"","header-main-stick-meta":"","header-below-stick-meta":"","astra-migrate-meta-layouts":"default","ast-page-background-enabled":"default","ast-page-background-meta":{"desktop":{"background-color":"var(--ast-global-color-5)","background-image":"","background-repeat":"repeat","background-position":"center center","background-size":"auto","background-attachment":"scroll","background-type":"","background-media":"","overlay-type":"","overlay-color":"","overlay-opacity":"","overlay-gradient":""},"tablet":{"background-color":"","background-image":"","background-repeat":"repeat","background-position":"center center","background-size":"auto","background-attachment":"scroll","background-type":"","background-media":"","overlay-type":"","overlay-color":"","overlay-opacity":"","overlay-gradient":""},"mobile":{"background-color":"","background-image":"","background-repeat":"repeat","background-position":"center center","background-size":"auto","background-attachment":"scroll","background-type":"","background-media":"","overlay-type":"","overlay-color":"","overlay-opacity":"","overlay-gradient":""}},"ast-content-background-meta":{"desktop":{"background-color":"var(--ast-global-color-4)","background-image":"","background-repeat":"repeat","background-position":"center center","background-size":"auto","background-attachment":"scroll","background-type":"","background-media":"","overlay-type":"","overlay-color":"","overlay-opacity":"","overlay-gradient":""},"tablet":{"background-color":"var(--ast-global-color-4)","background-image":"","background-repeat":"repeat","background-position":"center center","background-size":"auto","background-attachment":"scroll","background-type":"","background-media":"","overlay-type":"","overlay-color":"","overlay-opacity":"","overlay-gradient":""},"mobile":{"background-color":"var(--ast-global-color-4)","background-image":"","background-repeat":"repeat","background-position":"center center","background-size":"auto","background-attachment":"scroll","background-type":"","background-media":"","overlay-type":"","overlay-color":"","overlay-opacity":"","overlay-gradient":""}},"footnotes":""},"class_list":["post-19","page","type-page","status-publish","hentry"],"_links":{"self":[{"href":"https:\/\/jsolucoes.com\/en\/wp-json\/wp\/v2\/pages\/19","targetHints":{"allow":["GET"]}}],"collection":[{"href":"https:\/\/jsolucoes.com\/en\/wp-json\/wp\/v2\/pages"}],"about":[{"href":"https:\/\/jsolucoes.com\/en\/wp-json\/wp\/v2\/types\/page"}],"author":[{"embeddable":true,"href":"https:\/\/jsolucoes.com\/en\/wp-json\/wp\/v2\/users\/1"}],"replies":[{"embeddable":true,"href":"https:\/\/jsolucoes.com\/en\/wp-json\/wp\/v2\/comments?post=19"}],"version-history":[{"count":2,"href":"https:\/\/jsolucoes.com\/en\/wp-json\/wp\/v2\/pages\/19\/revisions"}],"predecessor-version":[{"id":198,"href":"https:\/\/jsolucoes.com\/en\/wp-json\/wp\/v2\/pages\/19\/revisions\/198"}],"wp:attachment":[{"href":"https:\/\/jsolucoes.com\/en\/wp-json\/wp\/v2\/media?parent=19"}],"curies":[{"name":"wp","href":"https:\/\/api.w.org\/{rel}","templated":true}]}}