{"id":15,"date":"2025-08-25T17:19:24","date_gmt":"2025-08-25T17:19:24","guid":{"rendered":"https:\/\/jsolucoes.com\/?page_id=15"},"modified":"2025-10-23T12:03:17","modified_gmt":"2025-10-23T12:03:17","slug":"home","status":"publish","type":"page","link":"https:\/\/jsolucoes.com\/en\/","title":{"rendered":"home"},"content":{"rendered":"<figure class=\"wp-block-image alignfull size-large\"><img fetchpriority=\"high\" decoding=\"async\" width=\"1024\" height=\"683\" src=\"https:\/\/jsolucoes.com\/wp-content\/uploads\/2025\/09\/foto-do-aviao-1024x683.png\" alt=\"\" class=\"wp-image-102\" srcset=\"https:\/\/jsolucoes.com\/wp-content\/uploads\/2025\/09\/foto-do-aviao-1024x683.png 1024w, https:\/\/jsolucoes.com\/wp-content\/uploads\/2025\/09\/foto-do-aviao-300x200.png 300w, https:\/\/jsolucoes.com\/wp-content\/uploads\/2025\/09\/foto-do-aviao-600x400.png 600w, https:\/\/jsolucoes.com\/wp-content\/uploads\/2025\/09\/foto-do-aviao-768x512.png 768w, https:\/\/jsolucoes.com\/wp-content\/uploads\/2025\/09\/foto-do-aviao-18x12.png 18w, https:\/\/jsolucoes.com\/wp-content\/uploads\/2025\/09\/foto-do-aviao.png 1536w\" sizes=\"(max-width: 1024px) 100vw, 1024px\" \/><\/figure>\n\n\n\n<h1 class=\"wp-block-heading\">\ud83c\udfe0 <strong>P\u00e1gina Home \u2013 Jsolu\u00e7\u00f5es<\/strong><\/h1>\n\n\n\n<h2 class=\"wp-block-heading\">Aprenda Ingl\u00eas para Viagem em Poucos Dias \u2014 Sem Gram\u00e1tica Desnecess\u00e1ria!<\/h2>\n\n\n\n<hr class=\"wp-block-separator has-alpha-channel-opacity\"\/>\n\n\n\n<h2 class=\"wp-block-heading\">Por que escolher nossos cursos?<\/h2>\n\n\n\n<p>\u2705 Aprenda apenas o que realmente importa para viajar.<br>\u2705 Cursos curtos e pr\u00e1ticos (15 m\u00f3dulos de 1 hora cada).<br>\u2705 Foco em conversa\u00e7\u00e3o, sem enrola\u00e7\u00e3o.<br>\u2705 O curso \u00e9 seu para sempre: estude quando e onde quiser, e reveja as aulas quantas vezes precisar.<br>\u2705 Podendo pagar \u00e0 vista ou em parcelas no cart\u00e3o de cr\u00e9dito.<\/p>\n\n\n\n<hr class=\"wp-block-separator has-alpha-channel-opacity\"\/>\n\n\n\n<h2 class=\"wp-block-heading\">Comece com o Curso de Ingl\u00eas<\/h2>\n\n\n\n<p>Oferecemos tr\u00eas cursos: 600, 800 e 1000 palavras e frases. Todos j\u00e1 te capacitam a viajar, mas quanto maior o n\u00edvel, mais vocabul\u00e1rio voc\u00ea ter\u00e1 nas conversas. Escolha o que mais se adapta a voc\u00ea \u2014 n\u00e3o \u00e9 preciso comprar todos.\u201d<\/p>\n\n\n\n<hr class=\"wp-block-separator has-alpha-channel-opacity\"\/>\n\n\n\n<h2 class=\"wp-block-heading\">Teste gr\u00e1tis antes de comprar!<\/h2>\n\n\n\n<p>Liberamos a primeira aula de cada n\u00edvel gratuitamente, para voc\u00ea sentir na pr\u00e1tica como \u00e9 aprender com rapidez e confian\u00e7a.<\/p>\n\n\n\n<hr class=\"wp-block-separator has-alpha-channel-opacity\"\/>\n\n\n\n<p>\ud83d\udce7 <strong>Contato r\u00e1pido:<\/strong> <a>contato@jsolucoes.com<\/a><br>\ud83c\udf0d Loja em portugu\u00eas e ingl\u00eas (TranslatePress).<\/p>\n\n\n\n<div class=\"wp-block-buttons is-layout-flex wp-block-buttons-is-layout-flex\">\n<div class=\"wp-block-button\"><a class=\"wp-block-button__link wp-element-button\" href=\"https:\/\/jsolucoes.com\/en\/aula-gratis-ingles-para-viagem\/\">\ud83d\udc49 <strong>\u201cQuero minha Aula Gr\u00e1tis\u201d<\/strong><\/a><\/div>\n<\/div>\n\n\n\n<div class=\"wp-block-buttons is-layout-flex wp-block-buttons-is-layout-flex\">\n<div class=\"wp-block-button\"><a class=\"wp-block-button__link wp-element-button\" href=\"https:\/\/jsolucoes.com\/en\/cursos\/\"><strong>\u201cQuero meu curso completo\u201d<\/strong><\/a><\/div>\n<\/div>\n\n\n\n<p><\/p>","protected":false},"excerpt":{"rendered":"<p>\ud83c\udfe0 P\u00e1gina Home \u2013 Jsolu\u00e7\u00f5es Aprenda Ingl\u00eas para Viagem em Poucos Dias \u2014 Sem Gram\u00e1tica Desnecess\u00e1ria! Por que escolher nossos [&hellip;]<\/p>\n","protected":false},"author":1,"featured_media":0,"parent":0,"menu_order":0,"comment_status":"closed","ping_status":"closed","template":"","meta":{"site-sidebar-layout":"default","site-content-layout":"","ast-site-content-layout":"default","site-content-style":"default","site-sidebar-style":"default","ast-global-header-display":"","ast-banner-title-visibility":"","ast-main-header-display":"","ast-hfb-above-header-display":"","ast-hfb-below-header-display":"","ast-hfb-mobile-header-display":"","site-post-title":"","ast-breadcrumbs-content":"","ast-featured-img":"","footer-sml-layout":"","theme-transparent-header-meta":"","adv-header-id-meta":"","stick-header-meta":"","header-above-stick-meta":"","header-main-stick-meta":"","header-below-stick-meta":"","astra-migrate-meta-layouts":"default","ast-page-background-enabled":"default","ast-page-background-meta":{"desktop":{"background-color":"var(--ast-global-color-5)","background-image":"","background-repeat":"repeat","background-position":"center center","background-size":"auto","background-attachment":"scroll","background-type":"","background-media":"","overlay-type":"","overlay-color":"","overlay-opacity":"","overlay-gradient":""},"tablet":{"background-color":"","background-image":"","background-repeat":"repeat","background-position":"center center","background-size":"auto","background-attachment":"scroll","background-type":"","background-media":"","overlay-type":"","overlay-color":"","overlay-opacity":"","overlay-gradient":""},"mobile":{"background-color":"","background-image":"","background-repeat":"repeat","background-position":"center center","background-size":"auto","background-attachment":"scroll","background-type":"","background-media":"","overlay-type":"","overlay-color":"","overlay-opacity":"","overlay-gradient":""}},"ast-content-background-meta":{"desktop":{"background-color":"var(--ast-global-color-4)","background-image":"","background-repeat":"repeat","background-position":"center center","background-size":"auto","background-attachment":"scroll","background-type":"","background-media":"","overlay-type":"","overlay-color":"","overlay-opacity":"","overlay-gradient":""},"tablet":{"background-color":"var(--ast-global-color-4)","background-image":"","background-repeat":"repeat","background-position":"center center","background-size":"auto","background-attachment":"scroll","background-type":"","background-media":"","overlay-type":"","overlay-color":"","overlay-opacity":"","overlay-gradient":""},"mobile":{"background-color":"var(--ast-global-color-4)","background-image":"","background-repeat":"repeat","background-position":"center center","background-size":"auto","background-attachment":"scroll","background-type":"","background-media":"","overlay-type":"","overlay-color":"","overlay-opacity":"","overlay-gradient":""}},"footnotes":""},"class_list":["post-15","page","type-page","status-publish","hentry"],"_links":{"self":[{"href":"https:\/\/jsolucoes.com\/en\/wp-json\/wp\/v2\/pages\/15","targetHints":{"allow":["GET"]}}],"collection":[{"href":"https:\/\/jsolucoes.com\/en\/wp-json\/wp\/v2\/pages"}],"about":[{"href":"https:\/\/jsolucoes.com\/en\/wp-json\/wp\/v2\/types\/page"}],"author":[{"embeddable":true,"href":"https:\/\/jsolucoes.com\/en\/wp-json\/wp\/v2\/users\/1"}],"replies":[{"embeddable":true,"href":"https:\/\/jsolucoes.com\/en\/wp-json\/wp\/v2\/comments?post=15"}],"version-history":[{"count":35,"href":"https:\/\/jsolucoes.com\/en\/wp-json\/wp\/v2\/pages\/15\/revisions"}],"predecessor-version":[{"id":231,"href":"https:\/\/jsolucoes.com\/en\/wp-json\/wp\/v2\/pages\/15\/revisions\/231"}],"wp:attachment":[{"href":"https:\/\/jsolucoes.com\/en\/wp-json\/wp\/v2\/media?parent=15"}],"curies":[{"name":"wp","href":"https:\/\/api.w.org\/{rel}","templated":true}]}}